{"id":1091,"date":"2023-02-28T13:36:05","date_gmt":"2023-02-28T12:36:05","guid":{"rendered":"http:\/\/www.kirchner-fischer.de\/noticias\/"},"modified":"2026-03-31T15:00:47","modified_gmt":"2026-03-31T13:00:47","slug":"noticias","status":"publish","type":"page","link":"https:\/\/www.kirchner-fischer.de\/es\/noticias\/","title":{"rendered":"Noticias"},"content":{"rendered":"<div class=\"wp-block-image\">\n<figure class=\"aligncenter size-full\"><img loading=\"lazy\" decoding=\"async\" width=\"2560\" height=\"549\" src=\"https:\/\/www.kirchner-fischer.de\/wp-content\/uploads\/2026\/01\/2-Megafon-scaled.png\" alt=\"\" class=\"wp-image-9433\" style=\"object-fit:cover\" srcset=\"https:\/\/www.kirchner-fischer.de\/wp-content\/uploads\/2026\/01\/2-Megafon-scaled.png 2560w, https:\/\/www.kirchner-fischer.de\/wp-content\/uploads\/2026\/01\/2-Megafon-300x64.png 300w, https:\/\/www.kirchner-fischer.de\/wp-content\/uploads\/2026\/01\/2-Megafon-1024x220.png 1024w, https:\/\/www.kirchner-fischer.de\/wp-content\/uploads\/2026\/01\/2-Megafon-768x165.png 768w, https:\/\/www.kirchner-fischer.de\/wp-content\/uploads\/2026\/01\/2-Megafon-1536x329.png 1536w, https:\/\/www.kirchner-fischer.de\/wp-content\/uploads\/2026\/01\/2-Megafon-2048x439.png 2048w\" sizes=\"auto, (max-width: 2560px) 100vw, 2560px\" \/><\/figure>\n<\/div>\n\n\n<div class=\"ghostkit-grid ghostkit-grid-gap-md ghostkit-grid-with-bg\"><div class=\"nk-awb\"><div class=\"nk-awb-wrap\" data-awb-type=\"color\"><div class=\"nk-awb-overlay\" style=\"background-color:#e6ede4\"><\/div><\/div><\/div><div class=\"ghostkit-grid-inner\">\n<div class=\"ghostkit-col ghostkit-col-md-12 ghostkit-col-5\"><div class=\"ghostkit-col-content is-layout-flow wp-block-ghostkit-grid-column-is-layout-flow\">\n<figure class=\"wp-block-image size-full\"><img loading=\"lazy\" decoding=\"async\" width=\"791\" height=\"595\" src=\"https:\/\/www.kirchner-fischer.de\/wp-content\/uploads\/2026\/03\/First-Flush-2026.png\" alt=\"\" class=\"wp-image-9883\" srcset=\"https:\/\/www.kirchner-fischer.de\/wp-content\/uploads\/2026\/03\/First-Flush-2026.png 791w, https:\/\/www.kirchner-fischer.de\/wp-content\/uploads\/2026\/03\/First-Flush-2026-300x226.png 300w, https:\/\/www.kirchner-fischer.de\/wp-content\/uploads\/2026\/03\/First-Flush-2026-768x578.png 768w\" sizes=\"auto, (max-width: 791px) 100vw, 791px\" \/><\/figure>\n<\/div><\/div>\n\n\n\n<div class=\"ghostkit-col ghostkit-col-md-12 ghostkit-col-7\"><div class=\"ghostkit-col-content is-layout-flow wp-block-ghostkit-grid-column-is-layout-flow\">\n<p class=\"has-ghostkit-color-blue-color has-text-color\" style=\"font-size:34px;font-style:normal;font-weight:700;text-transform:uppercase\">T\u00e9s procedentes<br>de los mejores jardines del mundo<\/p>\n\n\n\n<p style=\"font-size:22px;font-style:normal;font-weight:400\">El primer Darjeeling del nuevo a\u00f1o: reci\u00e9n cosechado, enviado de inmediato por v\u00eda a\u00e9rea y envasado al vac\u00edo en origen.<\/p>\n<\/div><\/div>\n<\/div><\/div>\n\n\n\n<div class=\"ghostkit-grid ghostkit-grid-gap-md ghostkit-grid-with-bg\"><div class=\"nk-awb\"><div class=\"nk-awb-wrap\" data-awb-type=\"color\"><div class=\"nk-awb-overlay\" style=\"background-color:#ffffff\"><\/div><\/div><\/div><div class=\"ghostkit-grid-inner\">\n<div class=\"ghostkit-col ghostkit-col-md-12 ghostkit-col-5\"><div class=\"ghostkit-col-content is-layout-flow wp-block-ghostkit-grid-column-is-layout-flow\">\n<figure class=\"wp-block-image size-full\"><img loading=\"lazy\" decoding=\"async\" width=\"791\" height=\"595\" src=\"https:\/\/www.kirchner-fischer.de\/wp-content\/uploads\/2025\/08\/News-Drinks.png\" alt=\"\" class=\"wp-image-8629\" srcset=\"https:\/\/www.kirchner-fischer.de\/wp-content\/uploads\/2025\/08\/News-Drinks.png 791w, https:\/\/www.kirchner-fischer.de\/wp-content\/uploads\/2025\/08\/News-Drinks-300x226.png 300w, https:\/\/www.kirchner-fischer.de\/wp-content\/uploads\/2025\/08\/News-Drinks-768x578.png 768w\" sizes=\"auto, (max-width: 791px) 100vw, 791px\" \/><\/figure>\n<\/div><\/div>\n\n\n\n<div class=\"ghostkit-col ghostkit-col-md-12 ghostkit-col-7\"><div class=\"ghostkit-col-content is-layout-flow wp-block-ghostkit-grid-column-is-layout-flow\">\n<p class=\"has-ghostkit-color-blue-color has-text-color\" style=\"font-size:34px;font-style:normal;font-weight:700;text-transform:uppercase\">\u00a1La energ\u00eda se une al sabor!<\/p>\n\n\n\n<p style=\"font-size:22px;font-style:normal;font-weight:700\">Dos nuevos sabores, \u00a1el doble de sabrosos!  <\/p>\n\n\n\n<p style=\"font-size:22px;font-style:normal;font-weight:400\">\u00a1Matchaprote\u00edna en polvo Fresa-Cheesecake<br>&amp; Matchaprote\u00edna en polvo Ar\u00e1ndanos-Cookie!<\/p>\n<\/div><\/div>\n<\/div><\/div>\n\n\n\n<div class=\"ghostkit-grid ghostkit-grid-gap-md ghostkit-grid-with-bg\"><div class=\"nk-awb\"><div class=\"nk-awb-wrap\" data-awb-type=\"color\"><div class=\"nk-awb-overlay\" style=\"background-color:#e6ede4\"><\/div><\/div><\/div><div class=\"ghostkit-grid-inner\">\n<div class=\"ghostkit-col ghostkit-col-md-12 ghostkit-col-5\"><div class=\"ghostkit-col-content is-layout-flow wp-block-ghostkit-grid-column-is-layout-flow\">\n<figure class=\"wp-block-image size-full\"><img loading=\"lazy\" decoding=\"async\" width=\"1825\" height=\"2560\" src=\"https:\/\/www.kirchner-fischer.de\/wp-content\/uploads\/2026\/02\/MET-1KAT26_U1-scaled.png\" alt=\"\" class=\"wp-image-9701\" srcset=\"https:\/\/www.kirchner-fischer.de\/wp-content\/uploads\/2026\/02\/MET-1KAT26_U1-scaled.png 1825w, https:\/\/www.kirchner-fischer.de\/wp-content\/uploads\/2026\/02\/MET-1KAT26_U1-214x300.png 214w, https:\/\/www.kirchner-fischer.de\/wp-content\/uploads\/2026\/02\/MET-1KAT26_U1-730x1024.png 730w, https:\/\/www.kirchner-fischer.de\/wp-content\/uploads\/2026\/02\/MET-1KAT26_U1-768x1077.png 768w, https:\/\/www.kirchner-fischer.de\/wp-content\/uploads\/2026\/02\/MET-1KAT26_U1-1095x1536.png 1095w, https:\/\/www.kirchner-fischer.de\/wp-content\/uploads\/2026\/02\/MET-1KAT26_U1-1460x2048.png 1460w\" sizes=\"auto, (max-width: 1825px) 100vw, 1825px\" \/><\/figure>\n<\/div><\/div>\n\n\n\n<div class=\"ghostkit-col ghostkit-col-md-12 ghostkit-col-7\"><div class=\"ghostkit-col-content is-layout-flow wp-block-ghostkit-grid-column-is-layout-flow\">\n<p class=\"has-ghostkit-color-blue-color has-text-color\" style=\"font-size:34px;font-style:normal;font-weight:700;text-transform:uppercase\">el nuevo cat\u00e1logo de verano<\/p>\n\n\n\n<p style=\"font-size:22px;font-style:normal;font-weight:400\">Disfruta de coloridos t\u00e9s de verano en azul, verde, naranja y rojo, as\u00ed como de nuevos y modernos cuencos de matcha de Hamburg. El verano ser\u00e1 colorido\u2026 \u00a1y realmente delicioso!<\/p>\n\n\n\n<div class=\"ghostkit-button-wrapper ghostkit-button-wrapper-gap-md\"><div class=\"ghostkit-button-wrapper-inner\">\n<a class=\"ghostkit-button ghostkit-button-md ghostkit-custom-2aM1Fq\" href=\"http:\/\/www.kirchner-fischer.de\/katalog-anfordern\/\" target=\"_blank\" rel=\"noreferrer noopener\"><span class=\"ghostkit-button-text\"><strong>Solicitar cat\u00e1logo<\/strong><\/span><\/a>\n<\/div><\/div>\n\n\n\n<p class=\"ghostkit-custom-Z2itgAg\" style=\"font-size:16px\">Para nuevos clientes: Por favor, adjunte su licencia comercial.<\/p>\n\n\n\n<div class=\"ghostkit-button-wrapper ghostkit-button-wrapper-gap-md ghostkit-custom-Zv1iQm\"><div class=\"ghostkit-button-wrapper-inner\">\n<a class=\"ghostkit-button ghostkit-button-md ghostkit-custom-Z19Mh0h\" href=\"https:\/\/www.kirchner-fischer.de\/wp-content\/uploads\/2026\/03\/MET-1KAT26-o.P-2.pdf\" target=\"_blank\" rel=\"noreferrer noopener\" id=\"Winter\"><span class=\"ghostkit-button-text\"><strong>Descargar el cat\u00e1logo<\/strong><\/span><\/a>\n<\/div><\/div>\n\n\n\n<p class=\"ghostkit-custom-Za7t4\" style=\"font-size:16px\">Nuestros servicios y ofertas se dirigen <br>exclusivamente a empresarios en el sentido del \u00a714 BGB. <br>No se aceptan ni ejecutan pedidos de consumidores en el sentido del \u00a713 BGB <br>.<\/p>\n<\/div><\/div>\n<\/div><\/div>\n\n\n\n<div class=\"ghostkit-grid ghostkit-grid-gap-md ghostkit-grid-with-bg\"><div class=\"nk-awb\"><div class=\"nk-awb-wrap\" data-awb-type=\"color\"><div class=\"nk-awb-overlay\" style=\"background-color:#ffffff\"><\/div><\/div><\/div><div class=\"ghostkit-grid-inner\">\n<div class=\"ghostkit-col ghostkit-col-md-12 ghostkit-col-5\"><div class=\"ghostkit-col-content is-layout-flow wp-block-ghostkit-grid-column-is-layout-flow\">\n<figure class=\"wp-block-image size-large\"><img loading=\"lazy\" decoding=\"async\" width=\"1024\" height=\"737\" src=\"https:\/\/www.kirchner-fischer.de\/wp-content\/uploads\/2025\/03\/2.2-web-1024x737.jpg\" alt=\"\" class=\"wp-image-8380\" srcset=\"https:\/\/www.kirchner-fischer.de\/wp-content\/uploads\/2025\/03\/2.2-web-1024x737.jpg 1024w, https:\/\/www.kirchner-fischer.de\/wp-content\/uploads\/2025\/03\/2.2-web-300x216.jpg 300w, https:\/\/www.kirchner-fischer.de\/wp-content\/uploads\/2025\/03\/2.2-web-768x553.jpg 768w, https:\/\/www.kirchner-fischer.de\/wp-content\/uploads\/2025\/03\/2.2-web.jpg 1060w\" sizes=\"auto, (max-width: 1024px) 100vw, 1024px\" \/><\/figure>\n<\/div><\/div>\n\n\n\n<div class=\"ghostkit-col ghostkit-col-md-12 ghostkit-col-7\"><div class=\"ghostkit-col-content is-layout-flow wp-block-ghostkit-grid-column-is-layout-flow\">\n<p class=\"has-ghostkit-color-blue-color has-text-color\" style=\"font-size:34px;font-style:normal;font-weight:700;text-transform:uppercase\">Damos la bienvenida a nuestros nuevos becarios<\/p>\n\n\n\n<p style=\"font-size:22px;font-style:normal;font-weight:400\">Ole Matuthat est\u00e1 aprendiendo a ser especialista de almac\u00e9n, Sara Leticia Schreier est\u00e1 aprendiendo a ser asistente de gesti\u00f3n de comercio mayorista y exterior y <br>Julian Pollak est\u00e1 aprendiendo a ser asistente de gesti\u00f3n de comercio mayorista y exterior.<br><br>Estamos encantados de poder acompa\u00f1ar a nuestros nuevos aprendices en este viaje y les deseamos un buen comienzo en sus carreras, as\u00ed como mucho \u00e9xito y disfrute trabajando en nuestra empresa.<\/p>\n<\/div><\/div>\n<\/div><\/div>\n\n\n\n<div class=\"ghostkit-grid ghostkit-grid-gap-md ghostkit-grid-with-bg\"><div class=\"nk-awb\"><div class=\"nk-awb-wrap\" data-awb-type=\"color\"><div class=\"nk-awb-overlay\" style=\"background-color:#e6ede4\"><\/div><\/div><\/div><div class=\"ghostkit-grid-inner\">\n<div class=\"ghostkit-col ghostkit-col-md-12 ghostkit-col-5\"><div class=\"ghostkit-col-content is-layout-flow wp-block-ghostkit-grid-column-is-layout-flow\"><div class=\"wp-block-image is-style-default\">\n<figure class=\"alignright size-full is-resized\"><img loading=\"lazy\" decoding=\"async\" width=\"435\" height=\"426\" src=\"https:\/\/www.kirchner-fischer.de\/wp-content\/uploads\/2025\/03\/CT.jpg\" alt=\"\" class=\"wp-image-8354\" style=\"width:295px;height:295px\" srcset=\"https:\/\/www.kirchner-fischer.de\/wp-content\/uploads\/2025\/03\/CT.jpg 435w, https:\/\/www.kirchner-fischer.de\/wp-content\/uploads\/2025\/03\/CT-300x294.jpg 300w\" sizes=\"auto, (max-width: 435px) 100vw, 435px\" \/><\/figure>\n<\/div><\/div><\/div>\n\n\n\n<div class=\"ghostkit-col ghostkit-col-md-12 ghostkit-col-7\"><div class=\"ghostkit-col-content is-layout-flow wp-block-ghostkit-grid-column-is-layout-flow\">\n<p class=\"has-ghostkit-color-blue-color has-text-color\" id=\"karriere\" style=\"font-size:34px;font-style:normal;font-weight:700;text-transform:uppercase\">carrera<\/p>\n\n\n\n<p style=\"font-size:22px;font-style:normal;font-weight:700\"><strong>Su persona de contacto:<\/strong><\/p>\n\n\n\n<p style=\"font-size:22px;font-style:normal;font-weight:400\">Kirchner, Fischer &amp; Co GmbH<br>Sra. Cornelia T\u00f6dt<br>Daimlerstra\u00dfe 13<br>25337 Elmshorn<br>bewerbung@kirchner-fischer.de<\/p>\n<\/div><\/div>\n<\/div><\/div>\n\n\n\n<div class=\"ghostkit-grid ghostkit-grid-gap-md ghostkit-grid-with-bg\"><div class=\"nk-awb\"><div class=\"nk-awb-wrap\" data-awb-type=\"color\"><div class=\"nk-awb-overlay\" style=\"background-color:#fefefe\"><\/div><\/div><\/div><div class=\"ghostkit-grid-inner\">\n<div class=\"ghostkit-col ghostkit-col-md-12 ghostkit-col-5\"><div class=\"ghostkit-col-content is-layout-flow wp-block-ghostkit-grid-column-is-layout-flow\">\n<figure class=\"wp-block-image size-full\"><img loading=\"lazy\" decoding=\"async\" width=\"1862\" height=\"2560\" src=\"https:\/\/www.kirchner-fischer.de\/wp-content\/uploads\/2026\/01\/Briefkasten-scaled.png\" alt=\"\" class=\"wp-image-9624\" srcset=\"https:\/\/www.kirchner-fischer.de\/wp-content\/uploads\/2026\/01\/Briefkasten-scaled.png 1862w, https:\/\/www.kirchner-fischer.de\/wp-content\/uploads\/2026\/01\/Briefkasten-218x300.png 218w, https:\/\/www.kirchner-fischer.de\/wp-content\/uploads\/2026\/01\/Briefkasten-745x1024.png 745w, https:\/\/www.kirchner-fischer.de\/wp-content\/uploads\/2026\/01\/Briefkasten-768x1056.png 768w, https:\/\/www.kirchner-fischer.de\/wp-content\/uploads\/2026\/01\/Briefkasten-1117x1536.png 1117w, https:\/\/www.kirchner-fischer.de\/wp-content\/uploads\/2026\/01\/Briefkasten-1490x2048.png 1490w\" sizes=\"auto, (max-width: 1862px) 100vw, 1862px\" \/><\/figure>\n<\/div><\/div>\n\n\n\n<div class=\"ghostkit-col ghostkit-col-md-12 ghostkit-col-7 ghostkit-col-align-self-center\"><div class=\"ghostkit-col-content is-layout-flow wp-block-ghostkit-grid-column-is-layout-flow\">\n<p class=\"has-ghostkit-color-blue-color has-text-color\" style=\"font-size:34px;font-style:normal;font-weight:700;text-transform:uppercase\">Bolet\u00edn<\/p>\n\n\n\n<p style=\"font-size:22px;font-style:normal;font-weight:400\">Mantente al d\u00eda y recibe toda la informaci\u00f3n y noticias sobre nuestro t\u00e9.<\/p>\n\n\n\n<div class=\"ghostkit-button-wrapper ghostkit-button-wrapper-gap-md\"><div class=\"ghostkit-button-wrapper-inner\">\n<a class=\"ghostkit-button ghostkit-button-md ghostkit-custom-ZfW0tC\" href=\"https:\/\/www.kirchner-fischer.de\/es\/boletin\/\" target=\"_blank\" rel=\"noreferrer noopener\"><span class=\"ghostkit-button-text\"><strong>Al registro<\/strong><\/span><\/a>\n<\/div><\/div>\n<\/div><\/div>\n<\/div><\/div>\n","protected":false},"excerpt":{"rendered":"","protected":false},"author":1,"featured_media":989,"parent":0,"menu_order":0,"comment_status":"closed","ping_status":"closed","template":"","meta":{"ghostkit_customizer_options":"","ghostkit_custom_css":"","ghostkit_custom_js_head":"","ghostkit_custom_js_foot":"","ghostkit_typography":"","footnotes":""},"class_list":["post-1091","page","type-page","status-publish","has-post-thumbnail","hentry"],"_links":{"self":[{"href":"https:\/\/www.kirchner-fischer.de\/es\/wp-json\/wp\/v2\/pages\/1091","targetHints":{"allow":["GET"]}}],"collection":[{"href":"https:\/\/www.kirchner-fischer.de\/es\/wp-json\/wp\/v2\/pages"}],"about":[{"href":"https:\/\/www.kirchner-fischer.de\/es\/wp-json\/wp\/v2\/types\/page"}],"author":[{"embeddable":true,"href":"https:\/\/www.kirchner-fischer.de\/es\/wp-json\/wp\/v2\/users\/1"}],"replies":[{"embeddable":true,"href":"https:\/\/www.kirchner-fischer.de\/es\/wp-json\/wp\/v2\/comments?post=1091"}],"version-history":[{"count":107,"href":"https:\/\/www.kirchner-fischer.de\/es\/wp-json\/wp\/v2\/pages\/1091\/revisions"}],"predecessor-version":[{"id":9961,"href":"https:\/\/www.kirchner-fischer.de\/es\/wp-json\/wp\/v2\/pages\/1091\/revisions\/9961"}],"wp:featuredmedia":[{"embeddable":true,"href":"https:\/\/www.kirchner-fischer.de\/es\/wp-json\/wp\/v2\/media\/989"}],"wp:attachment":[{"href":"https:\/\/www.kirchner-fischer.de\/es\/wp-json\/wp\/v2\/media?parent=1091"}],"curies":[{"name":"wp","href":"https:\/\/api.w.org\/{rel}","templated":true}]}}