{"id":1101,"date":"2023-02-28T13:29:46","date_gmt":"2023-02-28T12:29:46","guid":{"rendered":"http:\/\/www.kirchner-fischer.de\/calidad-y-seguridad\/"},"modified":"2026-04-14T16:27:05","modified_gmt":"2026-04-14T14:27:05","slug":"calidad-y-seguridad","status":"publish","type":"page","link":"https:\/\/www.kirchner-fischer.de\/es\/calidad-y-seguridad\/","title":{"rendered":"Calidad y seguridad"},"content":{"rendered":"\n<figure class=\"wp-block-image size-full\"><img loading=\"lazy\" decoding=\"async\" width=\"2560\" height=\"788\" src=\"https:\/\/www.kirchner-fischer.de\/wp-content\/uploads\/2024\/11\/Teepflueckerin-gestrichelte-Linie-scaled.jpg\" alt=\"\" class=\"wp-image-6584\" srcset=\"https:\/\/www.kirchner-fischer.de\/wp-content\/uploads\/2024\/11\/Teepflueckerin-gestrichelte-Linie-scaled.jpg 2560w, https:\/\/www.kirchner-fischer.de\/wp-content\/uploads\/2024\/11\/Teepflueckerin-gestrichelte-Linie-300x92.jpg 300w, https:\/\/www.kirchner-fischer.de\/wp-content\/uploads\/2024\/11\/Teepflueckerin-gestrichelte-Linie-1024x315.jpg 1024w, https:\/\/www.kirchner-fischer.de\/wp-content\/uploads\/2024\/11\/Teepflueckerin-gestrichelte-Linie-768x237.jpg 768w, https:\/\/www.kirchner-fischer.de\/wp-content\/uploads\/2024\/11\/Teepflueckerin-gestrichelte-Linie-1536x473.jpg 1536w, https:\/\/www.kirchner-fischer.de\/wp-content\/uploads\/2024\/11\/Teepflueckerin-gestrichelte-Linie-2048x631.jpg 2048w\" sizes=\"auto, (max-width: 2560px) 100vw, 2560px\" \/><\/figure>\n\n\n\n<div class=\"ghostkit-grid ghostkit-grid-gap-md\"><div class=\"ghostkit-grid-inner\">\n<div class=\"ghostkit-col ghostkit-col-md-12 ghostkit-col-5\"><div class=\"ghostkit-col-content is-layout-flow wp-block-ghostkit-grid-column-is-layout-flow\">\n<figure class=\"wp-block-image size-large\"><img loading=\"lazy\" decoding=\"async\" width=\"1024\" height=\"683\" src=\"https:\/\/www.kirchner-fischer.de\/wp-content\/uploads\/2024\/10\/MET_vorOrt_Probe-1024x683.jpg\" alt=\"\" class=\"wp-image-3718\" style=\"aspect-ratio:1;object-fit:cover\" srcset=\"https:\/\/www.kirchner-fischer.de\/wp-content\/uploads\/2024\/10\/MET_vorOrt_Probe-1024x683.jpg 1024w, https:\/\/www.kirchner-fischer.de\/wp-content\/uploads\/2024\/10\/MET_vorOrt_Probe-300x200.jpg 300w, https:\/\/www.kirchner-fischer.de\/wp-content\/uploads\/2024\/10\/MET_vorOrt_Probe-768x512.jpg 768w, https:\/\/www.kirchner-fischer.de\/wp-content\/uploads\/2024\/10\/MET_vorOrt_Probe.jpg 1417w\" sizes=\"auto, (max-width: 1024px) 100vw, 1024px\" \/><\/figure>\n<\/div><\/div>\n\n\n\n<div class=\"ghostkit-col ghostkit-col-md-12 ghostkit-col-7\"><div class=\"ghostkit-col-content is-layout-flow wp-block-ghostkit-grid-column-is-layout-flow\">\n<p id=\"Calidad-seguridad\" style=\"font-size:54px;font-style:normal;font-weight:800;text-transform:uppercase\">Calidad &amp; seguridad<\/p>\n\n\n\n<p style=\"font-size:30px;font-style:normal;font-weight:700;text-transform:uppercase\"><strong>\u00bfQu\u00e9 cree que determina realmente la calidad?<\/strong><\/p>\n\n\n\n<p style=\"font-size:30px;font-style:normal;font-weight:400\">\u00bfEl sello de calidad? \u00bfLos certificados? \u00bfLaboratorios? Nosotros dir\u00edamos: \u00a1Me encanta! Un sentimiento que podr\u00eda sorprender a los comerciantes hanse\u00e1ticos. Pero para ser sinceros (y euf\u00f3ricos): nos encanta el t\u00e9, y por eso s\u00f3lo le vendemos lo que a nosotros mismos nos gustar\u00eda beber. Este compromiso comienza con un cuidadoso proceso de selecci\u00f3n en el pa\u00eds de origen y s\u00f3lo termina con una esmerada entrega en su puerta. Los conceptos de higiene y las acreditaciones casi se autocumplen: <\/p>\n\n\n\n<p style=\"font-size:30px;font-style:normal;font-weight:700;text-transform:uppercase\"><strong>las etiquetas HACCP, IFS Food Standard, org\u00e1nico y de comercio justo confirman nuestro amor por la calidad.<\/strong><\/p>\n\n\n\n<div class=\"ghostkit-accordion ghostkit-accordion-1\">\n<div class=\"ghostkit-accordion-item\" data-accordion=\"accordion-mas\"><div class=\"ghostkit-accordion-item-heading\"><button type=\"button\" id=\"accordion-mas-button\" aria-expanded=\"false\" aria-controls=\"accordion-mas-content\"><span class=\"ghostkit-accordion-item-label\">m\u00e1s<\/span><span class=\"ghostkit-accordion-item-collapse\"><svg class=\"ghostkit-svg-icon\" width=\"24\" height=\"24\" viewBox=\"0 0 24 24\" fill=\"none\" xmlns=\"http:\/\/www.w3.org\/2000\/svg\"><path d=\"M9.21967 6.2197C9.51256 5.9268 9.98744 5.9268 10.2803 6.2197L15.5303 11.4697C15.8232 11.7626 15.8232 12.2374 15.5303 12.5303L10.2803 17.7803C9.98744 18.0732 9.51256 18.0732 9.21967 17.7803C8.92678 17.4874 8.92678 17.0126 9.21967 16.7197L13.9393 12L9.21967 7.2803C8.92678 6.9874 8.92678 6.5126 9.21967 6.2197Z\" fill=\"currentColor\"><\/path><\/svg><\/span><\/button><\/div><div id=\"accordion-mas-content\" class=\"ghostkit-accordion-item-content is-layout-flow wp-block-ghostkit-accordion-item-is-layout-flow\" role=\"region\" aria-labelledby=\"accordion-mas-button\">\n<p class=\"has-text-color\" style=\"color:#000000;font-size:40px;font-style:normal;font-weight:700;text-transform:uppercase\">Seguro &#8211; desde el origen hasta la infusi\u00f3n<\/p>\n\n\n\n<p class=\"has-text-color\" style=\"color:#010101;font-size:30px;font-style:normal;font-weight:400\">Alimentos seguros, procesos de producci\u00f3n seguros, entrega segura: en Kirchner, Fischer &amp; Co, la seguridad y la gesti\u00f3n de calidad son conceptos clave para el comercio mayorista. Debemos la calidad superior y constante de nuestros productos a muchos factores: en primer lugar, a nuestros empleados, que se dedican a nuestros t\u00e9s y productos similares con gran compromiso y experiencia cada d\u00eda.<\/p>\n\n\n\n<p class=\"has-text-color\" style=\"color:#010101;font-size:30px;font-style:normal;font-weight:400\">Por supuesto, la calidad y la garant\u00eda tambi\u00e9n se pueden medir claramente Ni que decir tiene que en Kirchner, Fischer &amp; Co encontrar\u00e1 diariamente los procedimientos, conceptos y certificados correspondientes cumplidos y documentados de forma \u00f3ptima.<\/p>\n\n\n\n<p class=\"has-text-color\" style=\"color:#00481e;font-size:40px;font-style:normal;font-weight:700;text-transform:uppercase\"><br>Factores fiables para una calidad superior:<\/p>\n\n\n\n<p class=\"has-text-color\" style=\"color:#00481e;font-size:30px;font-style:normal;font-weight:400\">\u2022 <strong>Estrecha colaboraci\u00f3n con proveedores de todo el mundo<\/strong><br>Nuestra cooperaci\u00f3n con proveedores de todo el mundo se basa en relaciones a largo plazo, equidad y confianza. Visitamos regularmente las empresas in situ. Gracias a ello, podemos confiar en que nuestros socios nos ofrecer\u00e1n productos de la m\u00e1xima calidad.<br><br>\u2022 <strong>Aplicaci\u00f3n estricta de la legislaci\u00f3n alimentaria<\/strong><br>En todas las fases de procesamiento, nos preocupamos meticulosamente de cumplir todos los requisitos de la legislaci\u00f3n alimentaria.<br><br>\u2022 <strong>Participaci\u00f3n en el APPCC<\/strong><br>Producimos y transportamos alimentos de acuerdo con el concepto APPCC (an\u00e1lisis de peligros y puntos de control cr\u00edtico). Por tanto, nuestra manipulaci\u00f3n de alimentos cumple los principios reconocidos internacionalmente.<br><br>\u2022 <strong>Certificaci\u00f3n seg\u00fan IFS Food<\/strong><br>International Featured Standards Food hace referencia a normas espec\u00edficas sobre alimentos, productos y servicios. Con esta certificaci\u00f3n, confirmamos una calidad, seguridad y rentabilidad excelentes y constantes. Tenga en cuenta que este certificado s\u00f3lo es v\u00e1lido para nuestra sede de Horst.<br><br>\u2022 <strong>Pertenencia a la asociaci\u00f3n del t\u00e9<\/strong> <br>Kirchner, Fischer &amp; Co es miembro de la Asociaci\u00f3n Alemana de T\u00e9 y T\u00e9 de Hierbas. Todas las empresas miembros persiguen el objetivo com\u00fan de promover la garant\u00eda de calidad, la protecci\u00f3n del consumidor y normas progresistas en los pa\u00edses de origen.<br><br>\u2022 <strong>Sello ecol\u00f3gico y de comercio justo<\/strong><br>Con el fin de promover unas condiciones de producci\u00f3n sostenibles y justas, ofrecemos una amplia selecci\u00f3n de productos de calidad ecol\u00f3gica y de comercio justo.<\/p>\n\n\n\n<div style=\"height:50px\" aria-hidden=\"true\" class=\"wp-block-spacer\"><\/div>\n\n\n\n<p class=\"has-text-align-center has-text-color has-link-color wp-elements-36e6c2645750db585522c18fa39f4e3b\" style=\"color:#fa7921;font-size:40px;font-style:normal;font-weight:700;text-transform:uppercase\">La vida cotidiana en Kirchner, Fischer &amp; Co<\/p>\n\n\n\n<p class=\"has-text-align-center has-text-color has-link-color wp-elements-2381f191ee1359b7520a92d9f5609b63\" style=\"color:#fa7921;font-size:30px;font-style:normal;font-weight:400\">1 muestra por art\u00edculo, 1 muestra por pal\u00e9 &#8211; desde las rarezas del t\u00e9 ortodoxo <br>hasta el t\u00e9 de manzana, guardamos una muestra de 20 gramos <br>de cada producto que sale de nuestras instalaciones en nuestro archivo <br>de t\u00e9. Esto le da a usted y a nosotros a\u00fan m\u00e1s seguridad.<\/p>\n\n\n\n<p class=\"has-text-align-center has-text-color has-link-color wp-elements-860d20dc0c5571cebff1e53c3ac63b22\" style=\"color:#fa7921;font-size:30px;font-style:normal;font-weight:700;text-transform:uppercase\"><strong>\u00bfDesea conocer m\u00e1s de cerca nuestros est\u00e1ndares de calidad?<\/strong> <br><strong>No dude en visitarnos.<\/strong><\/p>\n\n\n\n<p class=\"has-text-color\" style=\"color:#00481e;font-size:22px;font-style:normal;font-weight:400\"><br><\/p>\n<\/div><\/div>\n<\/div>\n<\/div><\/div>\n<\/div><\/div>\n\n\n\n<div class=\"ghostkit-grid ghostkit-grid-gap-md ghostkit-grid-with-bg\"><div class=\"nk-awb\"><div class=\"nk-awb-wrap\" data-awb-type=\"color\"><div class=\"nk-awb-overlay\" style=\"background-color:#e6ede4\"><\/div><\/div><\/div><div class=\"ghostkit-grid-inner\">\n<div class=\"ghostkit-col ghostkit-col-md-12 ghostkit-col-5\"><div class=\"ghostkit-col-content is-layout-flow wp-block-ghostkit-grid-column-is-layout-flow\">\n<figure class=\"wp-block-image size-large\"><img loading=\"lazy\" decoding=\"async\" width=\"699\" height=\"1024\" src=\"https:\/\/www.kirchner-fischer.de\/wp-content\/uploads\/2025\/11\/6663-Z-D-E-Kirchner-Fischer-Co.-GmbH-Sep-TC-2-699x1024.png\" alt=\"\" class=\"wp-image-8757\" srcset=\"https:\/\/www.kirchner-fischer.de\/wp-content\/uploads\/2025\/11\/6663-Z-D-E-Kirchner-Fischer-Co.-GmbH-Sep-TC-2-699x1024.png 699w, https:\/\/www.kirchner-fischer.de\/wp-content\/uploads\/2025\/11\/6663-Z-D-E-Kirchner-Fischer-Co.-GmbH-Sep-TC-2-205x300.png 205w, https:\/\/www.kirchner-fischer.de\/wp-content\/uploads\/2025\/11\/6663-Z-D-E-Kirchner-Fischer-Co.-GmbH-Sep-TC-2-768x1125.png 768w, https:\/\/www.kirchner-fischer.de\/wp-content\/uploads\/2025\/11\/6663-Z-D-E-Kirchner-Fischer-Co.-GmbH-Sep-TC-2-1048x1536.png 1048w, https:\/\/www.kirchner-fischer.de\/wp-content\/uploads\/2025\/11\/6663-Z-D-E-Kirchner-Fischer-Co.-GmbH-Sep-TC-2-1398x2048.png 1398w, https:\/\/www.kirchner-fischer.de\/wp-content\/uploads\/2025\/11\/6663-Z-D-E-Kirchner-Fischer-Co.-GmbH-Sep-TC-2.png 1417w\" sizes=\"auto, (max-width: 699px) 100vw, 699px\" \/><\/figure>\n<\/div><\/div>\n\n\n\n<div class=\"ghostkit-col ghostkit-col-md-12 ghostkit-col-7\"><div class=\"ghostkit-col-content is-layout-flow wp-block-ghostkit-grid-column-is-layout-flow\">\n<p id=\"Certificados\" style=\"font-size:54px;font-style:normal;font-weight:800;text-transform:uppercase\">Certificados<\/p>\n\n\n\n<p style=\"font-size:30px;font-style:normal;font-weight:700;text-transform:uppercase\"><strong>\u00a1R\u00e1pidamente al alcance de su mano!<\/strong> <\/p>\n\n\n\n<p style=\"font-size:30px;font-style:normal;font-weight:400\">\u00bfDesea conocer el estado actual de nuestras certificaciones? Estaremos encantados de facilitarle nuestros certificados directamente para su descarga.<\/p>\n\n\n\n<p style=\"font-size:30px;font-style:normal;font-weight:400\">Si necesita m\u00e1s documentos, no dude en ponerse en contacto con nosotros, simplemente por tel\u00e9fono o correo electr\u00f3nico. Incluso si tiene peticiones y preguntas sobre otras auditor\u00edas de calidad, an\u00e1lisis de residuos o supervisi\u00f3n de alimentos, estamos a su disposici\u00f3n y <\/p>\n\n\n\n<p style=\"font-size:30px;font-style:normal;font-weight:700;text-transform:uppercase\"><strong>listos para hacer posibles todos los requisitos.<\/strong><br><br><\/p>\n\n\n\n<p style=\"font-size:30px;font-style:normal;font-weight:700;text-transform:uppercase\"><strong>Certificaci\u00f3n conforme IFS Food Standard<br>Ubicaci\u00f3n Elmshorn<\/strong><\/p>\n\n\n\n<div class=\"ghostkit-button-wrapper ghostkit-button-wrapper-gap-md\"><div class=\"ghostkit-button-wrapper-inner\">\n<a class=\"ghostkit-button ghostkit-button-md ghostkit-custom-Z2biurp\" href=\"https:\/\/www.kirchner-fischer.de\/wp-content\/uploads\/2025\/11\/6663-Z-D-E-Kirchner-Fischer-Co.-GmbH-Sep-TC-2-699x1024.png\" target=\"_blank\" rel=\"noreferrer noopener\"><span class=\"ghostkit-button-text\">DESCARGAR CERTIFICADO<\/span><\/a>\n<\/div><\/div>\n<\/div><\/div>\n<\/div><\/div>\n\n\n\n<div class=\"ghostkit-grid ghostkit-grid-gap-md ghostkit-grid-with-bg\"><div class=\"nk-awb\"><div class=\"nk-awb-wrap\" data-awb-type=\"color\"><div class=\"nk-awb-overlay\" style=\"background-color:#e6ede4\"><\/div><\/div><\/div><div class=\"ghostkit-grid-inner\">\n<div class=\"ghostkit-col ghostkit-col-md-12 ghostkit-col-5\"><div class=\"ghostkit-col-content is-layout-flow wp-block-ghostkit-grid-column-is-layout-flow\">\n<figure class=\"wp-block-image size-large\"><img loading=\"lazy\" decoding=\"async\" width=\"699\" height=\"1024\" src=\"https:\/\/www.kirchner-fischer.de\/wp-content\/uploads\/2025\/07\/IFS-Zertifikat-Horst-2025-26-EN-699x1024.png\" alt=\"\" class=\"wp-image-8591\" srcset=\"https:\/\/www.kirchner-fischer.de\/wp-content\/uploads\/2025\/07\/IFS-Zertifikat-Horst-2025-26-EN-699x1024.png 699w, https:\/\/www.kirchner-fischer.de\/wp-content\/uploads\/2025\/07\/IFS-Zertifikat-Horst-2025-26-EN-205x300.png 205w, https:\/\/www.kirchner-fischer.de\/wp-content\/uploads\/2025\/07\/IFS-Zertifikat-Horst-2025-26-EN-768x1125.png 768w, https:\/\/www.kirchner-fischer.de\/wp-content\/uploads\/2025\/07\/IFS-Zertifikat-Horst-2025-26-EN-1049x1536.png 1049w, https:\/\/www.kirchner-fischer.de\/wp-content\/uploads\/2025\/07\/IFS-Zertifikat-Horst-2025-26-EN-1398x2048.png 1398w\" sizes=\"auto, (max-width: 699px) 100vw, 699px\" \/><\/figure>\n<\/div><\/div>\n\n\n\n<div class=\"ghostkit-col ghostkit-col-md-12 ghostkit-col-7\"><div class=\"ghostkit-col-content is-layout-flow wp-block-ghostkit-grid-column-is-layout-flow\">\n<p style=\"font-size:30px;font-style:normal;font-weight:700;text-transform:uppercase\"><strong>Certificaci\u00f3n conforme IFS Food Standard<br>Ubicaci\u00f3n Horst<\/strong><\/p>\n\n\n\n<div class=\"ghostkit-button-wrapper ghostkit-button-wrapper-gap-md\"><div class=\"ghostkit-button-wrapper-inner\">\n<a class=\"ghostkit-button ghostkit-button-md ghostkit-custom-Z25lyUs\" href=\"https:\/\/www.kirchner-fischer.de\/wp-content\/uploads\/2025\/07\/IFS-Zertifikat-Horst-2025-26-EN.pdf\" target=\"_blank\" rel=\"noreferrer noopener\"><span class=\"ghostkit-button-text\">DESCARGAR CERTIFICADO<\/span><\/a>\n<\/div><\/div>\n<\/div><\/div>\n<\/div><\/div>\n\n\n\n<div class=\"ghostkit-grid ghostkit-grid-gap-md ghostkit-grid-with-bg\"><div class=\"nk-awb\"><div class=\"nk-awb-wrap\" data-awb-type=\"color\"><div class=\"nk-awb-overlay\" style=\"background-color:#e6ede4\"><\/div><\/div><\/div><div class=\"ghostkit-grid-inner\">\n<div class=\"ghostkit-col ghostkit-col-md-12 ghostkit-col-5\"><div class=\"ghostkit-col-content is-layout-flow wp-block-ghostkit-grid-column-is-layout-flow\">\n<figure class=\"wp-block-image size-large\"><img loading=\"lazy\" decoding=\"async\" width=\"709\" height=\"1024\" src=\"https:\/\/www.kirchner-fischer.de\/wp-content\/uploads\/2026\/01\/2026-BIO-Zertifikat-KIFI_ENU-1-709x1024.png\" alt=\"\" class=\"wp-image-9667\" srcset=\"https:\/\/www.kirchner-fischer.de\/wp-content\/uploads\/2026\/01\/2026-BIO-Zertifikat-KIFI_ENU-1-709x1024.png 709w, https:\/\/www.kirchner-fischer.de\/wp-content\/uploads\/2026\/01\/2026-BIO-Zertifikat-KIFI_ENU-1-208x300.png 208w, https:\/\/www.kirchner-fischer.de\/wp-content\/uploads\/2026\/01\/2026-BIO-Zertifikat-KIFI_ENU-1-768x1110.png 768w, https:\/\/www.kirchner-fischer.de\/wp-content\/uploads\/2026\/01\/2026-BIO-Zertifikat-KIFI_ENU-1-1063x1536.png 1063w, https:\/\/www.kirchner-fischer.de\/wp-content\/uploads\/2026\/01\/2026-BIO-Zertifikat-KIFI_ENU-1-1417x2048.png 1417w, https:\/\/www.kirchner-fischer.de\/wp-content\/uploads\/2026\/01\/2026-BIO-Zertifikat-KIFI_ENU-1-scaled.png 1772w\" sizes=\"auto, (max-width: 709px) 100vw, 709px\" \/><\/figure>\n<\/div><\/div>\n\n\n\n<div class=\"ghostkit-col ghostkit-col-md-12 ghostkit-col-7\"><div class=\"ghostkit-col-content is-layout-flow wp-block-ghostkit-grid-column-is-layout-flow\">\n<p style=\"font-size:30px;font-style:normal;font-weight:700;text-transform:uppercase\"><strong>Certificaci\u00f3n conforme al Reglamento ecol\u00f3gico de la UE<\/strong><\/p>\n\n\n\n<div class=\"ghostkit-button-wrapper ghostkit-button-wrapper-gap-md\"><div class=\"ghostkit-button-wrapper-inner\">\n<a class=\"ghostkit-button ghostkit-button-md ghostkit-custom-ZRetuV\" href=\"https:\/\/www.kirchner-fischer.de\/wp-content\/uploads\/2026\/01\/2026-BIO-Zertifikat-KIFI_ENU.pdf\" target=\"_blank\" rel=\"noreferrer noopener\"><span class=\"ghostkit-button-text\">DESCARGAR CERTIFICADO<\/span><\/a>\n<\/div><\/div>\n<\/div><\/div>\n<\/div><\/div>\n\n\n\n<div class=\"ghostkit-grid ghostkit-grid-gap-md ghostkit-grid-with-bg\"><div class=\"nk-awb\"><div class=\"nk-awb-wrap\" data-awb-type=\"color\"><div class=\"nk-awb-overlay\" style=\"background-color:#e6ede4\"><\/div><\/div><\/div><div class=\"ghostkit-grid-inner\">\n<div class=\"ghostkit-col ghostkit-col-md-12 ghostkit-col-5\"><div class=\"ghostkit-col-content is-layout-flow wp-block-ghostkit-grid-column-is-layout-flow\">\n<figure class=\"wp-block-image size-large\"><img loading=\"lazy\" decoding=\"async\" width=\"724\" height=\"1024\" src=\"https:\/\/www.kirchner-fischer.de\/wp-content\/uploads\/2025\/02\/Kirchner-Fischer-Co-GmbH-2024-I-Oekostrom-Zertifikat-2024-5889-0006-724x1024.png\" alt=\"\" class=\"wp-image-8295\" srcset=\"https:\/\/www.kirchner-fischer.de\/wp-content\/uploads\/2025\/02\/Kirchner-Fischer-Co-GmbH-2024-I-Oekostrom-Zertifikat-2024-5889-0006-724x1024.png 724w, https:\/\/www.kirchner-fischer.de\/wp-content\/uploads\/2025\/02\/Kirchner-Fischer-Co-GmbH-2024-I-Oekostrom-Zertifikat-2024-5889-0006-212x300.png 212w, https:\/\/www.kirchner-fischer.de\/wp-content\/uploads\/2025\/02\/Kirchner-Fischer-Co-GmbH-2024-I-Oekostrom-Zertifikat-2024-5889-0006-768x1086.png 768w, https:\/\/www.kirchner-fischer.de\/wp-content\/uploads\/2025\/02\/Kirchner-Fischer-Co-GmbH-2024-I-Oekostrom-Zertifikat-2024-5889-0006-1086x1536.png 1086w, https:\/\/www.kirchner-fischer.de\/wp-content\/uploads\/2025\/02\/Kirchner-Fischer-Co-GmbH-2024-I-Oekostrom-Zertifikat-2024-5889-0006-1448x2048.png 1448w\" sizes=\"auto, (max-width: 724px) 100vw, 724px\" \/><\/figure>\n<\/div><\/div>\n\n\n\n<div class=\"ghostkit-col ghostkit-col-md-12 ghostkit-col-7\"><div class=\"ghostkit-col-content is-layout-flow wp-block-ghostkit-grid-column-is-layout-flow\">\n<p style=\"font-size:30px;font-style:normal;font-weight:700;text-transform:uppercase\"><strong>Certificaci\u00f3n de electricidad ecol\u00f3gica<\/strong><\/p>\n\n\n\n<div class=\"ghostkit-button-wrapper ghostkit-button-wrapper-gap-md\"><div class=\"ghostkit-button-wrapper-inner\">\n<a class=\"ghostkit-button ghostkit-button-md ghostkit-custom-2boMCV\" href=\"https:\/\/www.kirchner-fischer.de\/wp-content\/uploads\/2025\/02\/Kirchner-Fischer-Co-GmbH-2024-I-Oekostrom-Zertifikat-2024-5889-0006.pdf\" target=\"_blank\" rel=\"noreferrer noopener\"><span class=\"ghostkit-button-text\">DESCARGAR CERTIFICADO<\/span><\/a>\n<\/div><\/div>\n<\/div><\/div>\n<\/div><\/div>\n","protected":false},"excerpt":{"rendered":"","protected":false},"author":1,"featured_media":963,"parent":0,"menu_order":0,"comment_status":"closed","ping_status":"closed","template":"","meta":{"ghostkit_customizer_options":"","ghostkit_custom_css":"","ghostkit_custom_js_head":"","ghostkit_custom_js_foot":"","ghostkit_typography":"","footnotes":""},"class_list":["post-1101","page","type-page","status-publish","has-post-thumbnail","hentry"],"_links":{"self":[{"href":"https:\/\/www.kirchner-fischer.de\/es\/wp-json\/wp\/v2\/pages\/1101","targetHints":{"allow":["GET"]}}],"collection":[{"href":"https:\/\/www.kirchner-fischer.de\/es\/wp-json\/wp\/v2\/pages"}],"about":[{"href":"https:\/\/www.kirchner-fischer.de\/es\/wp-json\/wp\/v2\/types\/page"}],"author":[{"embeddable":true,"href":"https:\/\/www.kirchner-fischer.de\/es\/wp-json\/wp\/v2\/users\/1"}],"replies":[{"embeddable":true,"href":"https:\/\/www.kirchner-fischer.de\/es\/wp-json\/wp\/v2\/comments?post=1101"}],"version-history":[{"count":82,"href":"https:\/\/www.kirchner-fischer.de\/es\/wp-json\/wp\/v2\/pages\/1101\/revisions"}],"predecessor-version":[{"id":10324,"href":"https:\/\/www.kirchner-fischer.de\/es\/wp-json\/wp\/v2\/pages\/1101\/revisions\/10324"}],"wp:featuredmedia":[{"embeddable":true,"href":"https:\/\/www.kirchner-fischer.de\/es\/wp-json\/wp\/v2\/media\/963"}],"wp:attachment":[{"href":"https:\/\/www.kirchner-fischer.de\/es\/wp-json\/wp\/v2\/media?parent=1101"}],"curies":[{"name":"wp","href":"https:\/\/api.w.org\/{rel}","templated":true}]}}