{"id":1085,"date":"2023-02-28T14:46:59","date_gmt":"2023-02-28T13:46:59","guid":{"rendered":"http:\/\/www.kirchner-fischer.de\/mentions-legales\/"},"modified":"2026-01-22T15:17:19","modified_gmt":"2026-01-22T14:17:19","slug":"mentions-legales","status":"publish","type":"page","link":"https:\/\/www.kirchner-fischer.de\/fr\/mentions-legales\/","title":{"rendered":"Mentions l\u00e9gales"},"content":{"rendered":"\n<div class=\"ghostkit-grid ghostkit-grid-gap-md\"><div class=\"ghostkit-grid-inner\">\n<div class=\"ghostkit-col ghostkit-col-12\"><div class=\"ghostkit-col-content is-layout-flow wp-block-ghostkit-grid-column-is-layout-flow\">\n<h2 class=\"wp-block-heading\" id=\"unsere-adresse\">Notre adresse :<\/h2>\n\n\n\n<p><strong>Kirchner, Fischer &amp; Co GmbH<\/strong><br\/>Daimlerstra\u00dfe 13<br\/>D-25337 Elmshorn<br\/>T\u00e9l. (00 49) 4121 &#8211; 79 19 6<br\/>Fax. (00 49) 4121 &#8211; 43 88 79<\/p>\n\n\n\n<p>G\u00e9rants : Jens von Riegen, Stefan Gieschke, Maximilian Frick<\/p>\n\n\n\n<h2 class=\"wp-block-heading\" id=\"rechtshinweis\">Avis juridique :<\/h2>\n\n\n\n<p>Kirchner, Fischer &amp; Co GmbH actualise et v\u00e9rifie en permanence son site web. Malgr\u00e9 tout le soin apport\u00e9, les donn\u00e9es peuvent avoir chang\u00e9. Aucune garantie ou responsabilit\u00e9 ne peut donc \u00eatre assum\u00e9e quant \u00e0 l&rsquo;exactitude, l&rsquo;exhaustivit\u00e9 et l&rsquo;actualit\u00e9 des informations.<\/p>\n\n\n\n<p>Kirchner, Fischer &amp; Co GmbH se r\u00e9serve le droit de proc\u00e9der \u00e0 des ajouts ou des modifications \u00e0 tout moment. La structure et le contenu du site web de Kirchner, Fischer &amp; Co GmbH sont prot\u00e9g\u00e9s par les droits d&rsquo;auteur.<\/p>\n\n\n\n<p>L&rsquo;utilisation et la reproduction de textes, de parties de textes ou d&rsquo;images n\u00e9cessitent l&rsquo;accord pr\u00e9alable de Kirchner, Fischer &amp; Co GmbH.<\/p>\n\n\n\n<h2 class=\"wp-block-heading\" id=\"haftungshinweis\">Mention de responsabilit\u00e9 :<\/h2>\n\n\n\n<p>Malgr\u00e9 un contr\u00f4le minutieux du contenu, nous n&rsquo;assumons aucune responsabilit\u00e9 pour le contenu des liens externes. Les exploitants de ces sites sont seuls responsables de leur contenu.<\/p>\n<\/div><\/div>\n<\/div><\/div>\n","protected":false},"excerpt":{"rendered":"","protected":false},"author":1,"featured_media":0,"parent":0,"menu_order":0,"comment_status":"closed","ping_status":"closed","template":"","meta":{"ghostkit_customizer_options":"","ghostkit_custom_css":"","ghostkit_custom_js_head":"","ghostkit_custom_js_foot":"","ghostkit_typography":"","footnotes":""},"class_list":["post-1085","page","type-page","status-publish","hentry"],"_links":{"self":[{"href":"https:\/\/www.kirchner-fischer.de\/fr\/wp-json\/wp\/v2\/pages\/1085","targetHints":{"allow":["GET"]}}],"collection":[{"href":"https:\/\/www.kirchner-fischer.de\/fr\/wp-json\/wp\/v2\/pages"}],"about":[{"href":"https:\/\/www.kirchner-fischer.de\/fr\/wp-json\/wp\/v2\/types\/page"}],"author":[{"embeddable":true,"href":"https:\/\/www.kirchner-fischer.de\/fr\/wp-json\/wp\/v2\/users\/1"}],"replies":[{"embeddable":true,"href":"https:\/\/www.kirchner-fischer.de\/fr\/wp-json\/wp\/v2\/comments?post=1085"}],"version-history":[{"count":2,"href":"https:\/\/www.kirchner-fischer.de\/fr\/wp-json\/wp\/v2\/pages\/1085\/revisions"}],"predecessor-version":[{"id":9642,"href":"https:\/\/www.kirchner-fischer.de\/fr\/wp-json\/wp\/v2\/pages\/1085\/revisions\/9642"}],"wp:attachment":[{"href":"https:\/\/www.kirchner-fischer.de\/fr\/wp-json\/wp\/v2\/media?parent=1085"}],"curies":[{"name":"wp","href":"https:\/\/api.w.org\/{rel}","templated":true}]}}