{"id":1089,"date":"2023-02-28T13:36:05","date_gmt":"2023-02-28T12:36:05","guid":{"rendered":"http:\/\/www.kirchner-fischer.de\/actualites\/"},"modified":"2026-03-31T14:59:38","modified_gmt":"2026-03-31T12:59:38","slug":"actualites","status":"publish","type":"page","link":"https:\/\/www.kirchner-fischer.de\/fr\/actualites\/","title":{"rendered":"Actualit\u00e9s"},"content":{"rendered":"<div class=\"wp-block-image\">\n<figure class=\"aligncenter size-full\"><img loading=\"lazy\" decoding=\"async\" width=\"2560\" height=\"549\" src=\"https:\/\/www.kirchner-fischer.de\/wp-content\/uploads\/2026\/01\/2-Megafon-scaled.png\" alt=\"\" class=\"wp-image-9433\" style=\"object-fit:cover\" srcset=\"https:\/\/www.kirchner-fischer.de\/wp-content\/uploads\/2026\/01\/2-Megafon-scaled.png 2560w, https:\/\/www.kirchner-fischer.de\/wp-content\/uploads\/2026\/01\/2-Megafon-300x64.png 300w, https:\/\/www.kirchner-fischer.de\/wp-content\/uploads\/2026\/01\/2-Megafon-1024x220.png 1024w, https:\/\/www.kirchner-fischer.de\/wp-content\/uploads\/2026\/01\/2-Megafon-768x165.png 768w, https:\/\/www.kirchner-fischer.de\/wp-content\/uploads\/2026\/01\/2-Megafon-1536x329.png 1536w, https:\/\/www.kirchner-fischer.de\/wp-content\/uploads\/2026\/01\/2-Megafon-2048x439.png 2048w\" sizes=\"auto, (max-width: 2560px) 100vw, 2560px\" \/><\/figure>\n<\/div>\n\n\n<div class=\"ghostkit-grid ghostkit-grid-gap-md ghostkit-grid-with-bg\"><div class=\"nk-awb\"><div class=\"nk-awb-wrap\" data-awb-type=\"color\"><div class=\"nk-awb-overlay\" style=\"background-color:#e6ede4\"><\/div><\/div><\/div><div class=\"ghostkit-grid-inner\">\n<div class=\"ghostkit-col ghostkit-col-md-12 ghostkit-col-5\"><div class=\"ghostkit-col-content is-layout-flow wp-block-ghostkit-grid-column-is-layout-flow\">\n<figure class=\"wp-block-image size-full\"><img loading=\"lazy\" decoding=\"async\" width=\"791\" height=\"595\" src=\"https:\/\/www.kirchner-fischer.de\/wp-content\/uploads\/2026\/03\/First-Flush-2026.png\" alt=\"\" class=\"wp-image-9882\" srcset=\"https:\/\/www.kirchner-fischer.de\/wp-content\/uploads\/2026\/03\/First-Flush-2026.png 791w, https:\/\/www.kirchner-fischer.de\/wp-content\/uploads\/2026\/03\/First-Flush-2026-300x226.png 300w, https:\/\/www.kirchner-fischer.de\/wp-content\/uploads\/2026\/03\/First-Flush-2026-768x578.png 768w\" sizes=\"auto, (max-width: 791px) 100vw, 791px\" \/><\/figure>\n<\/div><\/div>\n\n\n\n<div class=\"ghostkit-col ghostkit-col-md-12 ghostkit-col-7\"><div class=\"ghostkit-col-content is-layout-flow wp-block-ghostkit-grid-column-is-layout-flow\">\n<p class=\"has-ghostkit-color-blue-color has-text-color\" style=\"font-size:34px;font-style:normal;font-weight:700;text-transform:uppercase\"><strong>Th\u00e9s provenant<br>des meilleurs jardins du monde<\/strong>\u00e9<\/p>\n\n\n\n<p style=\"font-size:22px;font-style:normal;font-weight:400\">Le premier Darjeeling de la nouvelle ann\u00e9e. R\u00e9colt\u00e9 fra\u00eechement, exp\u00e9di\u00e9 imm\u00e9diatement par avion et emball\u00e9 sous vide \u00e0 l\u2019origine.<\/p>\n<\/div><\/div>\n<\/div><\/div>\n\n\n\n<div class=\"ghostkit-grid ghostkit-grid-gap-md ghostkit-grid-with-bg\"><div class=\"nk-awb\"><div class=\"nk-awb-wrap\" data-awb-type=\"color\"><div class=\"nk-awb-overlay\" style=\"background-color:#ffffff\"><\/div><\/div><\/div><div class=\"ghostkit-grid-inner\">\n<div class=\"ghostkit-col ghostkit-col-md-12 ghostkit-col-5\"><div class=\"ghostkit-col-content is-layout-flow wp-block-ghostkit-grid-column-is-layout-flow\">\n<figure class=\"wp-block-image size-full\"><img loading=\"lazy\" decoding=\"async\" width=\"791\" height=\"595\" src=\"https:\/\/www.kirchner-fischer.de\/wp-content\/uploads\/2025\/08\/News-Drinks.png\" alt=\"\" class=\"wp-image-8629\" srcset=\"https:\/\/www.kirchner-fischer.de\/wp-content\/uploads\/2025\/08\/News-Drinks.png 791w, https:\/\/www.kirchner-fischer.de\/wp-content\/uploads\/2025\/08\/News-Drinks-300x226.png 300w, https:\/\/www.kirchner-fischer.de\/wp-content\/uploads\/2025\/08\/News-Drinks-768x578.png 768w\" sizes=\"auto, (max-width: 791px) 100vw, 791px\" \/><\/figure>\n<\/div><\/div>\n\n\n\n<div class=\"ghostkit-col ghostkit-col-md-12 ghostkit-col-7\"><div class=\"ghostkit-col-content is-layout-flow wp-block-ghostkit-grid-column-is-layout-flow\">\n<p class=\"has-ghostkit-color-blue-color has-text-color\" style=\"font-size:34px;font-style:normal;font-weight:700;text-transform:uppercase\">L&rsquo;\u00e9nergie rencontre le go\u00fbt !<\/p>\n\n\n\n<p style=\"font-size:22px;font-style:normal;font-weight:700\">Deux nouvelles vari\u00e9t\u00e9s, deux fois plus savoureuses !  <\/p>\n\n\n\n<p style=\"font-size:22px;font-style:normal;font-weight:400\">Strawberry-Cheesecake Poudre de prot\u00e9ine de matcha<br>&amp; Blueberry-Cookie Poudre de prot\u00e9ine de matcha !<\/p>\n<\/div><\/div>\n<\/div><\/div>\n\n\n\n<div class=\"ghostkit-grid ghostkit-grid-gap-md ghostkit-grid-with-bg\"><div class=\"nk-awb\"><div class=\"nk-awb-wrap\" data-awb-type=\"color\"><div class=\"nk-awb-overlay\" style=\"background-color:#e6ede4\"><\/div><\/div><\/div><div class=\"ghostkit-grid-inner\">\n<div class=\"ghostkit-col ghostkit-col-md-12 ghostkit-col-5\"><div class=\"ghostkit-col-content is-layout-flow wp-block-ghostkit-grid-column-is-layout-flow\">\n<figure class=\"wp-block-image size-full\"><img loading=\"lazy\" decoding=\"async\" width=\"1825\" height=\"2560\" src=\"https:\/\/www.kirchner-fischer.de\/wp-content\/uploads\/2026\/02\/MET-1KAT26_U1-scaled.png\" alt=\"\" class=\"wp-image-9700\" srcset=\"https:\/\/www.kirchner-fischer.de\/wp-content\/uploads\/2026\/02\/MET-1KAT26_U1-scaled.png 1825w, https:\/\/www.kirchner-fischer.de\/wp-content\/uploads\/2026\/02\/MET-1KAT26_U1-214x300.png 214w, https:\/\/www.kirchner-fischer.de\/wp-content\/uploads\/2026\/02\/MET-1KAT26_U1-730x1024.png 730w, https:\/\/www.kirchner-fischer.de\/wp-content\/uploads\/2026\/02\/MET-1KAT26_U1-768x1077.png 768w, https:\/\/www.kirchner-fischer.de\/wp-content\/uploads\/2026\/02\/MET-1KAT26_U1-1095x1536.png 1095w, https:\/\/www.kirchner-fischer.de\/wp-content\/uploads\/2026\/02\/MET-1KAT26_U1-1460x2048.png 1460w\" sizes=\"auto, (max-width: 1825px) 100vw, 1825px\" \/><\/figure>\n<\/div><\/div>\n\n\n\n<div class=\"ghostkit-col ghostkit-col-md-12 ghostkit-col-7\"><div class=\"ghostkit-col-content is-layout-flow wp-block-ghostkit-grid-column-is-layout-flow\">\n<p class=\"has-ghostkit-color-blue-color has-text-color\" style=\"font-size:34px;font-style:normal;font-weight:700;text-transform:uppercase\">le nouveau catalogue d\u2019\u00e9t\u00e9<\/p>\n\n\n\n<p style=\"font-size:22px;font-style:normal;font-weight:400\">R\u00e9jouissez-vous des th\u00e9s d\u2019\u00e9t\u00e9 color\u00e9s en bleu, vert, orange et rouge, ainsi que des nouveaux bols \u00e0 matcha tendance venus de Hamburg. L\u2019\u00e9t\u00e9 sera color\u00e9 \u2013 et plein de saveurs !<\/p>\n\n\n\n<div class=\"ghostkit-button-wrapper ghostkit-button-wrapper-gap-md\"><div class=\"ghostkit-button-wrapper-inner\">\n<a class=\"ghostkit-button ghostkit-button-md ghostkit-custom-2aM1Fq\" href=\"http:\/\/www.kirchner-fischer.de\/katalog-anfordern\/\" target=\"_blank\" rel=\"noreferrer noopener\"><span class=\"ghostkit-button-text\"><strong>Demander un catalogue<\/strong><\/span><\/a>\n<\/div><\/div>\n\n\n\n<p class=\"ghostkit-custom-Z2itgAg\" style=\"font-size:16px\">Pour les nouveaux clients : Veuillez joindre la preuve d&rsquo;activit\u00e9 professionnelle.<\/p>\n\n\n\n<div class=\"ghostkit-button-wrapper ghostkit-button-wrapper-gap-md ghostkit-custom-Zv1iQm\"><div class=\"ghostkit-button-wrapper-inner\">\n<a class=\"ghostkit-button ghostkit-button-md ghostkit-custom-Z19Mh0h\" href=\"https:\/\/www.kirchner-fischer.de\/wp-content\/uploads\/2026\/03\/MET-1KAT26-o.P-2.pdf\" target=\"_blank\" rel=\"noreferrer noopener\" id=\"Winter\"><span class=\"ghostkit-button-text\"><strong>T\u00e9l\u00e9charger le catalogue<\/strong><\/span><\/a>\n<\/div><\/div>\n\n\n\n<p class=\"ghostkit-custom-Za7t4\" style=\"font-size:16px\">Nos services et offres <br>s&rsquo;adressent exclusivement aux entrepreneurs au sens de l&rsquo;article 14 du Code civil allemand (BGB). <br>Les commandes pass\u00e9es par des consommateurs au sens de l&rsquo;article 13 du Code civil allemand (BGB) <br>ne sont pas accept\u00e9es ni ex\u00e9cut\u00e9es.<\/p>\n<\/div><\/div>\n<\/div><\/div>\n\n\n\n<div class=\"ghostkit-grid ghostkit-grid-gap-md ghostkit-grid-with-bg\"><div class=\"nk-awb\"><div class=\"nk-awb-wrap\" data-awb-type=\"color\"><div class=\"nk-awb-overlay\" style=\"background-color:#ffffff\"><\/div><\/div><\/div><div class=\"ghostkit-grid-inner\">\n<div class=\"ghostkit-col ghostkit-col-md-12 ghostkit-col-5\"><div class=\"ghostkit-col-content is-layout-flow wp-block-ghostkit-grid-column-is-layout-flow\">\n<figure class=\"wp-block-image size-large\"><img loading=\"lazy\" decoding=\"async\" width=\"1024\" height=\"737\" src=\"https:\/\/www.kirchner-fischer.de\/wp-content\/uploads\/2025\/03\/2.2-web-1024x737.jpg\" alt=\"\" class=\"wp-image-8380\" srcset=\"https:\/\/www.kirchner-fischer.de\/wp-content\/uploads\/2025\/03\/2.2-web-1024x737.jpg 1024w, https:\/\/www.kirchner-fischer.de\/wp-content\/uploads\/2025\/03\/2.2-web-300x216.jpg 300w, https:\/\/www.kirchner-fischer.de\/wp-content\/uploads\/2025\/03\/2.2-web-768x553.jpg 768w, https:\/\/www.kirchner-fischer.de\/wp-content\/uploads\/2025\/03\/2.2-web.jpg 1060w\" sizes=\"auto, (max-width: 1024px) 100vw, 1024px\" \/><\/figure>\n<\/div><\/div>\n\n\n\n<div class=\"ghostkit-col ghostkit-col-md-12 ghostkit-col-7\"><div class=\"ghostkit-col-content is-layout-flow wp-block-ghostkit-grid-column-is-layout-flow\">\n<p class=\"has-ghostkit-color-blue-color has-text-color\" style=\"font-size:34px;font-style:normal;font-weight:700;text-transform:uppercase\">Nous accueillons nos nouveaux apprentis<\/p>\n\n\n\n<p style=\"font-size:22px;font-style:normal;font-weight:400\">Ole Matuthat apprend le m\u00e9tier de magasinier sp\u00e9cialis\u00e9, Sara Leticia Schreier apprend la gestion du commerce de gros et du commerce ext\u00e9rieur et <br>Julian Pollak apprend la gestion du commerce de gros et du commerce ext\u00e9rieur.<br><br>Nous sommes heureux d&rsquo;accompagner nos nouveaux apprentis dans cette voie et nous leur souhaitons un bon d\u00e9but dans leur vie professionnelle ainsi que beaucoup de succ\u00e8s et de plaisir \u00e0 travailler dans notre entreprise.<\/p>\n<\/div><\/div>\n<\/div><\/div>\n\n\n\n<div class=\"ghostkit-grid ghostkit-grid-gap-md ghostkit-grid-with-bg\"><div class=\"nk-awb\"><div class=\"nk-awb-wrap\" data-awb-type=\"color\"><div class=\"nk-awb-overlay\" style=\"background-color:#e6ede4\"><\/div><\/div><\/div><div class=\"ghostkit-grid-inner\">\n<div class=\"ghostkit-col ghostkit-col-md-12 ghostkit-col-5\"><div class=\"ghostkit-col-content is-layout-flow wp-block-ghostkit-grid-column-is-layout-flow\"><div class=\"wp-block-image is-style-default\">\n<figure class=\"alignright size-full is-resized\"><img loading=\"lazy\" decoding=\"async\" width=\"435\" height=\"426\" src=\"https:\/\/www.kirchner-fischer.de\/wp-content\/uploads\/2025\/03\/CT.jpg\" alt=\"\" class=\"wp-image-8354\" style=\"width:295px;height:295px\" srcset=\"https:\/\/www.kirchner-fischer.de\/wp-content\/uploads\/2025\/03\/CT.jpg 435w, https:\/\/www.kirchner-fischer.de\/wp-content\/uploads\/2025\/03\/CT-300x294.jpg 300w\" sizes=\"auto, (max-width: 435px) 100vw, 435px\" \/><\/figure>\n<\/div><\/div><\/div>\n\n\n\n<div class=\"ghostkit-col ghostkit-col-md-12 ghostkit-col-7\"><div class=\"ghostkit-col-content is-layout-flow wp-block-ghostkit-grid-column-is-layout-flow\">\n<p class=\"has-ghostkit-color-blue-color has-text-color\" id=\"karriere\" style=\"font-size:34px;font-style:normal;font-weight:700;text-transform:uppercase\">carri\u00e8re<\/p>\n\n\n\n<p style=\"font-size:22px;font-style:normal;font-weight:700\"><strong>Votre contact :<\/strong><\/p>\n\n\n\n<p style=\"font-size:22px;font-style:normal;font-weight:400\"><br>Kirchner, Fischer &amp; Co GmbH<br>Mme Cornelia T\u00f6dt<br>Daimlerstra\u00dfe 13<br>25337 Elmshorn<\/p>\n\n\n\n<p style=\"font-size:22px;font-style:normal;font-weight:400\">bewerbung@kirchner-fischer.de<\/p>\n<\/div><\/div>\n<\/div><\/div>\n\n\n\n<div class=\"ghostkit-grid ghostkit-grid-gap-md ghostkit-grid-with-bg\"><div class=\"nk-awb\"><div class=\"nk-awb-wrap\" data-awb-type=\"color\"><div class=\"nk-awb-overlay\" style=\"background-color:#fefefe\"><\/div><\/div><\/div><div class=\"ghostkit-grid-inner\">\n<div class=\"ghostkit-col ghostkit-col-md-12 ghostkit-col-5\"><div class=\"ghostkit-col-content is-layout-flow wp-block-ghostkit-grid-column-is-layout-flow\">\n<figure class=\"wp-block-image size-full\"><img loading=\"lazy\" decoding=\"async\" width=\"1862\" height=\"2560\" src=\"https:\/\/www.kirchner-fischer.de\/wp-content\/uploads\/2026\/01\/Briefkasten-scaled.png\" alt=\"\" class=\"wp-image-9624\" srcset=\"https:\/\/www.kirchner-fischer.de\/wp-content\/uploads\/2026\/01\/Briefkasten-scaled.png 1862w, https:\/\/www.kirchner-fischer.de\/wp-content\/uploads\/2026\/01\/Briefkasten-218x300.png 218w, https:\/\/www.kirchner-fischer.de\/wp-content\/uploads\/2026\/01\/Briefkasten-745x1024.png 745w, https:\/\/www.kirchner-fischer.de\/wp-content\/uploads\/2026\/01\/Briefkasten-768x1056.png 768w, https:\/\/www.kirchner-fischer.de\/wp-content\/uploads\/2026\/01\/Briefkasten-1117x1536.png 1117w, https:\/\/www.kirchner-fischer.de\/wp-content\/uploads\/2026\/01\/Briefkasten-1490x2048.png 1490w\" sizes=\"auto, (max-width: 1862px) 100vw, 1862px\" \/><\/figure>\n<\/div><\/div>\n\n\n\n<div class=\"ghostkit-col ghostkit-col-md-12 ghostkit-col-7 ghostkit-col-align-self-center\"><div class=\"ghostkit-col-content is-layout-flow wp-block-ghostkit-grid-column-is-layout-flow\">\n<p class=\"has-ghostkit-color-blue-color has-text-color\" style=\"font-size:34px;font-style:normal;font-weight:700;text-transform:uppercase\">Bulletin d&rsquo;information<\/p>\n\n\n\n<p style=\"font-size:22px;font-style:normal;font-weight:400\">Restez \u00e0 jour et recevez toutes les informations et nouveaut\u00e9s sur notre th\u00e9.<\/p>\n\n\n\n<div class=\"ghostkit-button-wrapper ghostkit-button-wrapper-gap-md\"><div class=\"ghostkit-button-wrapper-inner\">\n<a class=\"ghostkit-button ghostkit-button-md ghostkit-custom-ZfW0tC\" href=\"https:\/\/www.kirchner-fischer.de\/fr\/newsletter\/\" target=\"_blank\" rel=\"noreferrer noopener\"><span class=\"ghostkit-button-text\"><strong>Vers l&rsquo;inscription<\/strong><\/span><\/a>\n<\/div><\/div>\n<\/div><\/div>\n<\/div><\/div>\n","protected":false},"excerpt":{"rendered":"","protected":false},"author":1,"featured_media":873,"parent":0,"menu_order":0,"comment_status":"closed","ping_status":"closed","template":"","meta":{"ghostkit_customizer_options":"","ghostkit_custom_css":"","ghostkit_custom_js_head":"","ghostkit_custom_js_foot":"","ghostkit_typography":"","footnotes":""},"class_list":["post-1089","page","type-page","status-publish","has-post-thumbnail","hentry"],"_links":{"self":[{"href":"https:\/\/www.kirchner-fischer.de\/fr\/wp-json\/wp\/v2\/pages\/1089","targetHints":{"allow":["GET"]}}],"collection":[{"href":"https:\/\/www.kirchner-fischer.de\/fr\/wp-json\/wp\/v2\/pages"}],"about":[{"href":"https:\/\/www.kirchner-fischer.de\/fr\/wp-json\/wp\/v2\/types\/page"}],"author":[{"embeddable":true,"href":"https:\/\/www.kirchner-fischer.de\/fr\/wp-json\/wp\/v2\/users\/1"}],"replies":[{"embeddable":true,"href":"https:\/\/www.kirchner-fischer.de\/fr\/wp-json\/wp\/v2\/comments?post=1089"}],"version-history":[{"count":109,"href":"https:\/\/www.kirchner-fischer.de\/fr\/wp-json\/wp\/v2\/pages\/1089\/revisions"}],"predecessor-version":[{"id":9960,"href":"https:\/\/www.kirchner-fischer.de\/fr\/wp-json\/wp\/v2\/pages\/1089\/revisions\/9960"}],"wp:featuredmedia":[{"embeddable":true,"href":"https:\/\/www.kirchner-fischer.de\/fr\/wp-json\/wp\/v2\/media\/873"}],"wp:attachment":[{"href":"https:\/\/www.kirchner-fischer.de\/fr\/wp-json\/wp\/v2\/media?parent=1089"}],"curies":[{"name":"wp","href":"https:\/\/api.w.org\/{rel}","templated":true}]}}