{"id":1097,"date":"2023-02-28T13:29:46","date_gmt":"2023-02-28T12:29:46","guid":{"rendered":"http:\/\/www.kirchner-fischer.de\/qualite-et-securite\/"},"modified":"2026-01-26T13:49:55","modified_gmt":"2026-01-26T12:49:55","slug":"qualite-et-securite","status":"publish","type":"page","link":"https:\/\/www.kirchner-fischer.de\/fr\/qualite-et-securite\/","title":{"rendered":"Qualit\u00e9 et s\u00e9curit\u00e9"},"content":{"rendered":"<div class=\"wp-block-image\">\n<figure class=\"aligncenter size-full\"><img loading=\"lazy\" decoding=\"async\" width=\"2560\" height=\"788\" src=\"https:\/\/www.kirchner-fischer.de\/wp-content\/uploads\/2024\/11\/Teepflueckerin-gestrichelte-Linie-scaled.jpg\" alt=\"\" class=\"wp-image-6583\" srcset=\"https:\/\/www.kirchner-fischer.de\/wp-content\/uploads\/2024\/11\/Teepflueckerin-gestrichelte-Linie-scaled.jpg 2560w, https:\/\/www.kirchner-fischer.de\/wp-content\/uploads\/2024\/11\/Teepflueckerin-gestrichelte-Linie-300x92.jpg 300w, https:\/\/www.kirchner-fischer.de\/wp-content\/uploads\/2024\/11\/Teepflueckerin-gestrichelte-Linie-1024x315.jpg 1024w, https:\/\/www.kirchner-fischer.de\/wp-content\/uploads\/2024\/11\/Teepflueckerin-gestrichelte-Linie-768x237.jpg 768w, https:\/\/www.kirchner-fischer.de\/wp-content\/uploads\/2024\/11\/Teepflueckerin-gestrichelte-Linie-1536x473.jpg 1536w, https:\/\/www.kirchner-fischer.de\/wp-content\/uploads\/2024\/11\/Teepflueckerin-gestrichelte-Linie-2048x631.jpg 2048w\" sizes=\"auto, (max-width: 2560px) 100vw, 2560px\" \/><\/figure>\n<\/div>\n\n\n<div class=\"ghostkit-grid ghostkit-grid-gap-md\"><div class=\"ghostkit-grid-inner\">\n<div class=\"ghostkit-col ghostkit-col-md-12 ghostkit-col-5\"><div class=\"ghostkit-col-content is-layout-flow wp-block-ghostkit-grid-column-is-layout-flow\">\n<figure class=\"wp-block-image size-large\"><img loading=\"lazy\" decoding=\"async\" width=\"1024\" height=\"683\" src=\"https:\/\/www.kirchner-fischer.de\/wp-content\/uploads\/2024\/10\/MET_vorOrt_Probe-1024x683.jpg\" alt=\"\" class=\"wp-image-3717\" srcset=\"https:\/\/www.kirchner-fischer.de\/wp-content\/uploads\/2024\/10\/MET_vorOrt_Probe-1024x683.jpg 1024w, https:\/\/www.kirchner-fischer.de\/wp-content\/uploads\/2024\/10\/MET_vorOrt_Probe-300x200.jpg 300w, https:\/\/www.kirchner-fischer.de\/wp-content\/uploads\/2024\/10\/MET_vorOrt_Probe-768x512.jpg 768w, https:\/\/www.kirchner-fischer.de\/wp-content\/uploads\/2024\/10\/MET_vorOrt_Probe.jpg 1417w\" sizes=\"auto, (max-width: 1024px) 100vw, 1024px\" \/><\/figure>\n<\/div><\/div>\n\n\n\n<div class=\"ghostkit-col ghostkit-col-md-12 ghostkit-col-7\"><div class=\"ghostkit-col-content is-layout-flow wp-block-ghostkit-grid-column-is-layout-flow\">\n<p id=\"qualit\u00e9-s\u00e9curit\u00e9\" style=\"font-size:40px;font-style:normal;font-weight:400;text-transform:uppercase\">Qualit\u00e9 &amp; s\u00e9curit\u00e9<\/p>\n\n\n\n<p style=\"font-size:22px\"><strong>Selon vous, qu\u2019est-ce qui d\u00e9termine r\u00e9ellement la qualit\u00e9 ?<\/strong>&nbsp;Sceau d\u2019approbation? Des certificats ? Des laboratoires ? Nous dirions : j\u2019adore ! Un sentiment qui pourrait surprendre chez les marchands hans\u00e9atiques. Mais pour \u00eatre honn\u00eate (et euphorique) : nous aimons le th\u00e9 \u2013 et c\u2019est pourquoi nous ne vous vendons que ce que nous aimerions boire nous-m\u00eames. Cet engagement commence par une s\u00e9lection d\u00e9licate dans le pays d\u2019origine et ne se termine que par une livraison soign\u00e9e chez vous. Les concepts d\u2019hygi\u00e8ne et les accr\u00e9ditations sont presque auto-r\u00e9alisateurs :&nbsp;<strong>HACCP, IFS Food Standard, les labels bio et commerce \u00e9quitable confirment notre amour de la qualit\u00e9 !<\/strong><\/p>\n\n\n\n<div class=\"ghostkit-accordion ghostkit-accordion-1\">\n<div class=\"ghostkit-accordion-item\" data-accordion=\"accordion-plus\"><div class=\"ghostkit-accordion-item-heading\"><button type=\"button\" id=\"accordion-plus-button\" aria-expanded=\"false\" aria-controls=\"accordion-plus-content\"><span class=\"ghostkit-accordion-item-label\">plus<\/span><span class=\"ghostkit-accordion-item-collapse\"><svg class=\"ghostkit-svg-icon\" width=\"24\" height=\"24\" viewBox=\"0 0 24 24\" fill=\"none\" xmlns=\"http:\/\/www.w3.org\/2000\/svg\"><path d=\"M9.21967 6.2197C9.51256 5.9268 9.98744 5.9268 10.2803 6.2197L15.5303 11.4697C15.8232 11.7626 15.8232 12.2374 15.5303 12.5303L10.2803 17.7803C9.98744 18.0732 9.51256 18.0732 9.21967 17.7803C8.92678 17.4874 8.92678 17.0126 9.21967 16.7197L13.9393 12L9.21967 7.2803C8.92678 6.9874 8.92678 6.5126 9.21967 6.2197Z\" fill=\"currentColor\"><\/path><\/svg><\/span><\/button><\/div><div id=\"accordion-plus-content\" class=\"ghostkit-accordion-item-content is-layout-flow wp-block-ghostkit-accordion-item-is-layout-flow\" role=\"region\" aria-labelledby=\"accordion-plus-button\">\n<p style=\"font-size:40px;font-style:normal;font-weight:400\">S\u00fbr \u2013 de l\u2019origine \u00e0 l\u2019infusion<\/p>\n\n\n\n<p style=\"font-size:22px\">Des aliments s\u00fbrs, des processus de production s\u00fbrs, une livraison s\u00fbre \u2013 chez Kirchner, Fischer &amp; Co, la s\u00e9curit\u00e9 et la gestion de la qualit\u00e9 sont des termes cl\u00e9s essentiels pour les grossistes. Nous devons la qualit\u00e9 sup\u00e9rieure permanente de nos produits \u00e0 de nombreux facteurs &#8211; avant tout \u00e0 nos collaborateurs, qui se consacrent chaque jour \u00e0 nos th\u00e9s et produits similaires avec beaucoup d&rsquo;engagement et d&rsquo;exp\u00e9rience.<\/p>\n\n\n\n<p style=\"font-size:22px\">Bien entendu, la qualit\u00e9 et l\u2019assurance peuvent \u00e9galement \u00eatre clairement mesur\u00e9es. Bien entendu, vous trouverez chaque jour chez Kirchner, Fischer &amp; Co les proc\u00e9dures, concepts et certificats correspondants, r\u00e9alis\u00e9s et document\u00e9s de mani\u00e8re optimale.<\/p>\n\n\n\n<p class=\"has-text-color\" style=\"color:#00481e;font-size:40px;font-style:normal;font-weight:400\">Facteurs de s\u00e9curit\u00e9 pour<br>une qualit\u00e9 sup\u00e9rieure :<\/p>\n\n\n\n<p class=\"has-text-color\" style=\"color:#00481e;font-size:22px\"><strong>\u2022 Coop\u00e9ration \u00e9troite avec des fournisseurs du monde entier<\/strong><br>Notre coop\u00e9ration avec des partenaires de livraison du monde entier est bas\u00e9e sur le long terme, l&rsquo;\u00e9quit\u00e9 et la confiance. Nous visitons r\u00e9guli\u00e8rement des entreprises locales. Nous pouvons donc compter sur nos partenaires pour proposer des produits de la plus haute qualit\u00e9.<\/p>\n\n\n\n<p class=\"has-text-color\" style=\"color:#00481e;font-size:22px\"><strong>\u2022 Application stricte de la loi alimentaire<\/strong><br>Dans toutes les phases de transformation, nous accordons une attention particuli\u00e8re au respect de toutes les exigences de la l\u00e9gislation alimentaire.<\/p>\n\n\n\n<p class=\"has-text-color\" style=\"color:#00481e;font-size:22px\"><strong>\u2022 Participation au HACCP<\/strong><br>Nous produisons et transportons des denr\u00e9es alimentaires selon le concept HACCP (hazard analysis and critical control points). Notre traitement des denr\u00e9es alimentaires est donc conforme aux principes reconnus au niveau international.<\/p>\n\n\n\n<p class=\"has-text-color\" style=\"color:#00481e;font-size:22px\"><strong>\u2022 Certification selon IFS Food<\/strong><br>Les International Featured Standards Food d\u00e9signent des normes sp\u00e9cifiques en mati\u00e8re de denr\u00e9es alimentaires, de produits et de services. Avec cette certification, nous vous confirmons une qualit\u00e9, une s\u00e9curit\u00e9 et une rentabilit\u00e9 excellentes et constantes. Veuillez noter que ce certificat n&rsquo;est valable que pour notre site de Horst.<\/p>\n\n\n\n<p class=\"has-text-color\" style=\"color:#00481e;font-size:22px\"><strong>\u2022 V\u00e9rification par des laboratoires accr\u00e9dit\u00e9s<\/strong><br>Nos produits sont test\u00e9s analytiquement par des laboratoires accr\u00e9dit\u00e9s pour garantir en permanence une qualit\u00e9 sup\u00e9rieure.<\/p>\n\n\n\n<p class=\"has-text-color\" style=\"color:#00481e;font-size:22px\"><strong>\u2022 Adh\u00e9sion \u00e0 l&rsquo;Association du Th\u00e9<\/strong><br>Kirchner, Fischer &amp; Co est membre de l&rsquo;Association allemande du th\u00e9 et des tisanes. Toutes les soci\u00e9t\u00e9s membres partagent l\u2019objectif de faire progresser l\u2019assurance qualit\u00e9, la protection des consommateurs et les normes progressistes dans les pays d\u2019origine.<\/p>\n\n\n\n<p class=\"has-text-color\" style=\"color:#00481e;font-size:22px\"><strong>\u2022 Label biologique et commerce \u00e9quitable<\/strong><br>Afin de favoriser des conditions de production durables et \u00e9quitables, nous proposons une s\u00e9lection compl\u00e8te de produits biologiques et de qualit\u00e9 \u00e9quitable.<\/p>\n\n\n\n<div style=\"height:50px\" aria-hidden=\"true\" class=\"wp-block-spacer\"><\/div>\n\n\n\n<hr class=\"wp-block-separator has-alpha-channel-opacity\"\/>\n\n\n\n<hr class=\"wp-block-separator has-alpha-channel-opacity\"\/>\n\n\n\n<p class=\"has-text-align-center\" style=\"font-size:40px;font-style:normal;font-weight:400\">La vie quotidienne chez Kirchner, Fischer &amp; Co<\/p>\n\n\n\n<p class=\"has-text-align-center\" style=\"font-size:22px\">1 \u00e9chantillon par article, 1 \u00e9chantillon par palette &#8211; du th\u00e9 orthodoxe au <br>th\u00e9 aux pommes, nous conservons un \u00e9chantillon de 20 grammes <br>de chaque produit qui quitte nos locaux dans nos archives de th\u00e9. Cela <br>vous donne, \u00e0 vous et \u00e0 nous, encore plus de s\u00e9curit\u00e9 !<br><br><strong>Souhaitez-vous examiner de plus pr\u00e8s nos normes de qualit\u00e9 ? <\/strong><br><strong>N&rsquo;h\u00e9sitez pas \u00e0 nous rendre visite !<\/strong><\/p>\n<\/div><\/div>\n<\/div>\n<\/div><\/div>\n<\/div><\/div>\n\n\n\n<div class=\"ghostkit-grid ghostkit-grid-gap-md ghostkit-grid-with-bg\"><div class=\"nk-awb\"><div class=\"nk-awb-wrap\" data-awb-type=\"color\"><div class=\"nk-awb-overlay\" style=\"background-color:#e6ede4\"><\/div><\/div><\/div><div class=\"ghostkit-grid-inner\">\n<div class=\"ghostkit-col ghostkit-col-md-12 ghostkit-col-5\"><div class=\"ghostkit-col-content is-layout-flow wp-block-ghostkit-grid-column-is-layout-flow\">\n<figure class=\"wp-block-image size-large\"><img loading=\"lazy\" decoding=\"async\" width=\"699\" height=\"1024\" src=\"https:\/\/www.kirchner-fischer.de\/wp-content\/uploads\/2025\/11\/6663-Z-D-E-Kirchner-Fischer-Co.-GmbH-Sep-TC-2-699x1024.png\" alt=\"\" class=\"wp-image-8756\" srcset=\"https:\/\/www.kirchner-fischer.de\/wp-content\/uploads\/2025\/11\/6663-Z-D-E-Kirchner-Fischer-Co.-GmbH-Sep-TC-2-699x1024.png 699w, https:\/\/www.kirchner-fischer.de\/wp-content\/uploads\/2025\/11\/6663-Z-D-E-Kirchner-Fischer-Co.-GmbH-Sep-TC-2-205x300.png 205w, https:\/\/www.kirchner-fischer.de\/wp-content\/uploads\/2025\/11\/6663-Z-D-E-Kirchner-Fischer-Co.-GmbH-Sep-TC-2-768x1125.png 768w, https:\/\/www.kirchner-fischer.de\/wp-content\/uploads\/2025\/11\/6663-Z-D-E-Kirchner-Fischer-Co.-GmbH-Sep-TC-2-1048x1536.png 1048w, https:\/\/www.kirchner-fischer.de\/wp-content\/uploads\/2025\/11\/6663-Z-D-E-Kirchner-Fischer-Co.-GmbH-Sep-TC-2-1398x2048.png 1398w, https:\/\/www.kirchner-fischer.de\/wp-content\/uploads\/2025\/11\/6663-Z-D-E-Kirchner-Fischer-Co.-GmbH-Sep-TC-2.png 1417w\" sizes=\"auto, (max-width: 699px) 100vw, 699px\" \/><\/figure>\n<\/div><\/div>\n\n\n\n<div class=\"ghostkit-col ghostkit-col-md-12 ghostkit-col-7\"><div class=\"ghostkit-col-content is-layout-flow wp-block-ghostkit-grid-column-is-layout-flow\">\n<p id=\"Certificats\" style=\"font-size:40px;font-style:normal;font-weight:400;text-transform:uppercase\">Certificats<\/p>\n\n\n\n<p style=\"font-size:22px\"><strong>Rapidement \u00e0 port\u00e9e de main ! <\/strong>Souhaitez-vous avoir un aper\u00e7u de l\u2019\u00e9tat actuel de nos certifications ? Nous serions heureux de mettre nos certificats \u00e0 votre disposition pour que vous puissiez les t\u00e9l\u00e9charger directement.<br>Si vous avez besoin de documents suppl\u00e9mentaires, n\u2019h\u00e9sitez pas \u00e0 nous contacter \u2013 simplement par t\u00e9l\u00e9phone ou par e-mail. M\u00eame si vous avez des demandes ou des questions concernant d&rsquo;autres audits de qualit\u00e9, l&rsquo;analyse des r\u00e9sidus ou la surveillance des aliments, nous sommes l\u00e0 pour vous et pr\u00eats \u00e0 r\u00e9pondre \u00e0 toutes vos exigences.<\/p>\n\n\n\n<p style=\"font-size:22px\"><br><\/p>\n\n\n\n<p style=\"font-size:22px\"><strong>Certification selon IFS Food Standard<br>Site d\u2019Elmshorn<\/strong><br><strong>\u02c3\u02c3\u02c3<\/strong> <a href=\"https:\/\/www.kirchner-fischer.de\/wp-content\/uploads\/2025\/11\/6663-Z-D-E-Kirchner-Fischer-Co.-GmbH-Sep-TC-2-699x1024.png\" target=\"_blank\" rel=\"noreferrer noopener\">T\u00e9l\u00e9charger le certificat<\/a><\/p>\n<\/div><\/div>\n<\/div><\/div>\n\n\n\n<div class=\"ghostkit-grid ghostkit-grid-gap-md ghostkit-grid-with-bg\"><div class=\"nk-awb\"><div class=\"nk-awb-wrap\" data-awb-type=\"color\"><div class=\"nk-awb-overlay\" style=\"background-color:#e6ede4\"><\/div><\/div><\/div><div class=\"ghostkit-grid-inner\">\n<div class=\"ghostkit-col ghostkit-col-md-12 ghostkit-col-5\"><div class=\"ghostkit-col-content is-layout-flow wp-block-ghostkit-grid-column-is-layout-flow\">\n<figure class=\"wp-block-image size-large\"><img loading=\"lazy\" decoding=\"async\" width=\"699\" height=\"1024\" src=\"https:\/\/www.kirchner-fischer.de\/wp-content\/uploads\/2025\/07\/IFS-Zertifikat-Horst-2025-26-EN-699x1024.png\" alt=\"\" class=\"wp-image-8590\" srcset=\"https:\/\/www.kirchner-fischer.de\/wp-content\/uploads\/2025\/07\/IFS-Zertifikat-Horst-2025-26-EN-699x1024.png 699w, https:\/\/www.kirchner-fischer.de\/wp-content\/uploads\/2025\/07\/IFS-Zertifikat-Horst-2025-26-EN-205x300.png 205w, https:\/\/www.kirchner-fischer.de\/wp-content\/uploads\/2025\/07\/IFS-Zertifikat-Horst-2025-26-EN-768x1125.png 768w, https:\/\/www.kirchner-fischer.de\/wp-content\/uploads\/2025\/07\/IFS-Zertifikat-Horst-2025-26-EN-1049x1536.png 1049w, https:\/\/www.kirchner-fischer.de\/wp-content\/uploads\/2025\/07\/IFS-Zertifikat-Horst-2025-26-EN-1398x2048.png 1398w\" sizes=\"auto, (max-width: 699px) 100vw, 699px\" \/><\/figure>\n<\/div><\/div>\n\n\n\n<div class=\"ghostkit-col ghostkit-col-md-12 ghostkit-col-7\"><div class=\"ghostkit-col-content is-layout-flow wp-block-ghostkit-grid-column-is-layout-flow\">\n<p style=\"font-size:22px\"><br><\/p>\n\n\n\n<p style=\"font-size:22px\"><strong>Certification selon IFS Food Standard<br>Site d\u2019Horst<\/strong><br><strong>\u02c3\u02c3\u02c3<\/strong> <a href=\"https:\/\/www.kirchner-fischer.de\/wp-content\/uploads\/2025\/07\/IFS-Zertifikat-Horst-2025-26-EN.pdf\" target=\"_blank\" rel=\"noreferrer noopener\">T\u00e9l\u00e9charger le certificat<\/a><\/p>\n<\/div><\/div>\n<\/div><\/div>\n\n\n\n<div class=\"ghostkit-grid ghostkit-grid-gap-md ghostkit-grid-with-bg\"><div class=\"nk-awb\"><div class=\"nk-awb-wrap\" data-awb-type=\"color\"><div class=\"nk-awb-overlay\" style=\"background-color:#e6ede4\"><\/div><\/div><\/div><div class=\"ghostkit-grid-inner\">\n<div class=\"ghostkit-col ghostkit-col-md-12 ghostkit-col-5\"><div class=\"ghostkit-col-content is-layout-flow wp-block-ghostkit-grid-column-is-layout-flow\">\n<figure class=\"wp-block-image size-large\"><img loading=\"lazy\" decoding=\"async\" width=\"709\" height=\"1024\" src=\"https:\/\/www.kirchner-fischer.de\/wp-content\/uploads\/2026\/01\/2026-BIO-Zertifikat-KIFI_ENU-1-709x1024.png\" alt=\"\" class=\"wp-image-9666\" srcset=\"https:\/\/www.kirchner-fischer.de\/wp-content\/uploads\/2026\/01\/2026-BIO-Zertifikat-KIFI_ENU-1-709x1024.png 709w, https:\/\/www.kirchner-fischer.de\/wp-content\/uploads\/2026\/01\/2026-BIO-Zertifikat-KIFI_ENU-1-208x300.png 208w, https:\/\/www.kirchner-fischer.de\/wp-content\/uploads\/2026\/01\/2026-BIO-Zertifikat-KIFI_ENU-1-768x1110.png 768w, https:\/\/www.kirchner-fischer.de\/wp-content\/uploads\/2026\/01\/2026-BIO-Zertifikat-KIFI_ENU-1-1063x1536.png 1063w, https:\/\/www.kirchner-fischer.de\/wp-content\/uploads\/2026\/01\/2026-BIO-Zertifikat-KIFI_ENU-1-1417x2048.png 1417w, https:\/\/www.kirchner-fischer.de\/wp-content\/uploads\/2026\/01\/2026-BIO-Zertifikat-KIFI_ENU-1-scaled.png 1772w\" sizes=\"auto, (max-width: 709px) 100vw, 709px\" \/><\/figure>\n<\/div><\/div>\n\n\n\n<div class=\"ghostkit-col ghostkit-col-md-12 ghostkit-col-7\"><div class=\"ghostkit-col-content is-layout-flow wp-block-ghostkit-grid-column-is-layout-flow\">\n<p style=\"font-size:22px\"><strong>Certification selon le r\u00e8glement bio de l&rsquo;UE<\/strong><br><strong>\u02c3\u02c3\u02c3<\/strong> <a href=\"https:\/\/www.kirchner-fischer.de\/wp-content\/uploads\/2026\/01\/2026-BIO-Zertifikat-KIFI_ENU.pdf\" target=\"_blank\" rel=\"noreferrer noopener\">T\u00e9l\u00e9charger le certificat<\/a><\/p>\n<\/div><\/div>\n<\/div><\/div>\n\n\n\n<div class=\"ghostkit-grid ghostkit-grid-gap-md ghostkit-grid-with-bg\"><div class=\"nk-awb\"><div class=\"nk-awb-wrap\" data-awb-type=\"color\"><div class=\"nk-awb-overlay\" style=\"background-color:#e6ede4\"><\/div><\/div><\/div><div class=\"ghostkit-grid-inner\">\n<div class=\"ghostkit-col ghostkit-col-md-12 ghostkit-col-5\"><div class=\"ghostkit-col-content is-layout-flow wp-block-ghostkit-grid-column-is-layout-flow\">\n<figure class=\"wp-block-image size-large\"><img loading=\"lazy\" decoding=\"async\" width=\"724\" height=\"1024\" src=\"https:\/\/www.kirchner-fischer.de\/wp-content\/uploads\/2025\/02\/Kirchner-Fischer-Co-GmbH-2024-I-Oekostrom-Zertifikat-2024-5889-0006-724x1024.png\" alt=\"\" class=\"wp-image-8294\" srcset=\"https:\/\/www.kirchner-fischer.de\/wp-content\/uploads\/2025\/02\/Kirchner-Fischer-Co-GmbH-2024-I-Oekostrom-Zertifikat-2024-5889-0006-724x1024.png 724w, https:\/\/www.kirchner-fischer.de\/wp-content\/uploads\/2025\/02\/Kirchner-Fischer-Co-GmbH-2024-I-Oekostrom-Zertifikat-2024-5889-0006-212x300.png 212w, https:\/\/www.kirchner-fischer.de\/wp-content\/uploads\/2025\/02\/Kirchner-Fischer-Co-GmbH-2024-I-Oekostrom-Zertifikat-2024-5889-0006-768x1086.png 768w, https:\/\/www.kirchner-fischer.de\/wp-content\/uploads\/2025\/02\/Kirchner-Fischer-Co-GmbH-2024-I-Oekostrom-Zertifikat-2024-5889-0006-1086x1536.png 1086w, https:\/\/www.kirchner-fischer.de\/wp-content\/uploads\/2025\/02\/Kirchner-Fischer-Co-GmbH-2024-I-Oekostrom-Zertifikat-2024-5889-0006-1448x2048.png 1448w\" sizes=\"auto, (max-width: 724px) 100vw, 724px\" \/><\/figure>\n<\/div><\/div>\n\n\n\n<div class=\"ghostkit-col ghostkit-col-md-12 ghostkit-col-7\"><div class=\"ghostkit-col-content is-layout-flow wp-block-ghostkit-grid-column-is-layout-flow\">\n<p style=\"font-size:22px\"><strong>Certificat d&rsquo;\u00e9conomie d&rsquo;\u00e9nergie (CEE)<\/strong><br><strong>\u02c3\u02c3\u02c3<\/strong> <a href=\"https:\/\/www.kirchner-fischer.de\/wp-content\/uploads\/2025\/02\/Kirchner-Fischer-Co-GmbH-2024-I-Oekostrom-Zertifikat-2024-5889-0006.pdf\" target=\"_blank\" rel=\"noreferrer noopener\">T\u00e9l\u00e9charger le certificat<\/a><\/p>\n<\/div><\/div>\n<\/div><\/div>\n","protected":false},"excerpt":{"rendered":"","protected":false},"author":1,"featured_media":847,"parent":0,"menu_order":0,"comment_status":"closed","ping_status":"closed","template":"","meta":{"ghostkit_customizer_options":"","ghostkit_custom_css":"","ghostkit_custom_js_head":"","ghostkit_custom_js_foot":"","ghostkit_typography":"{\"body\":{\"fontFamily\":\"\",\"fontFamilyCategory\":\"default\",\"fontSize\":\"\",\"fontWeight\":\"\",\"lineHeight\":\"\",\"letterSpacing\":\"\",\"label\":\"Body\",\"childOf\":\"\"},\"buttons\":{\"fontFamily\":\"\",\"fontFamilyCategory\":\"default\",\"fontSize\":\"\",\"fontWeight\":\"\",\"lineHeight\":\"\",\"letterSpacing\":\"\",\"label\":\"Buttons\",\"childOf\":\"\"},\"headings\":{\"fontFamily\":\"\",\"fontFamilyCategory\":\"default\",\"fontWeight\":\"\",\"lineHeight\":\"\",\"letterSpacing\":\"\",\"label\":\"Headings\",\"childOf\":\"\"},\"h1\":{\"fontSize\":\"\",\"lineHeight\":\"\",\"letterSpacing\":\"\",\"label\":\"H1\",\"childOf\":\"headings\"},\"h2\":{\"fontSize\":\"\",\"lineHeight\":\"\",\"letterSpacing\":\"\",\"label\":\"H2\",\"childOf\":\"headings\"},\"h3\":{\"fontSize\":\"\",\"lineHeight\":\"\",\"letterSpacing\":\"\",\"label\":\"H3\",\"childOf\":\"headings\"},\"h4\":{\"fontSize\":\"\",\"lineHeight\":\"\",\"letterSpacing\":\"\",\"label\":\"H4\",\"childOf\":\"headings\"},\"h5\":{\"fontSize\":\"\",\"lineHeight\":\"\",\"letterSpacing\":\"\",\"label\":\"H5\",\"childOf\":\"headings\"},\"h6\":{\"fontSize\":\"\",\"lineHeight\":\"\",\"letterSpacing\":\"\",\"label\":\"H6\",\"childOf\":\"headings\"}}","footnotes":""},"class_list":["post-1097","page","type-page","status-publish","has-post-thumbnail","hentry"],"_links":{"self":[{"href":"https:\/\/www.kirchner-fischer.de\/fr\/wp-json\/wp\/v2\/pages\/1097","targetHints":{"allow":["GET"]}}],"collection":[{"href":"https:\/\/www.kirchner-fischer.de\/fr\/wp-json\/wp\/v2\/pages"}],"about":[{"href":"https:\/\/www.kirchner-fischer.de\/fr\/wp-json\/wp\/v2\/types\/page"}],"author":[{"embeddable":true,"href":"https:\/\/www.kirchner-fischer.de\/fr\/wp-json\/wp\/v2\/users\/1"}],"replies":[{"embeddable":true,"href":"https:\/\/www.kirchner-fischer.de\/fr\/wp-json\/wp\/v2\/comments?post=1097"}],"version-history":[{"count":119,"href":"https:\/\/www.kirchner-fischer.de\/fr\/wp-json\/wp\/v2\/pages\/1097\/revisions"}],"predecessor-version":[{"id":9671,"href":"https:\/\/www.kirchner-fischer.de\/fr\/wp-json\/wp\/v2\/pages\/1097\/revisions\/9671"}],"wp:featuredmedia":[{"embeddable":true,"href":"https:\/\/www.kirchner-fischer.de\/fr\/wp-json\/wp\/v2\/media\/847"}],"wp:attachment":[{"href":"https:\/\/www.kirchner-fischer.de\/fr\/wp-json\/wp\/v2\/media?parent=1097"}],"curies":[{"name":"wp","href":"https:\/\/api.w.org\/{rel}","templated":true}]}}